{"id":2138,"date":"2016-05-23T09:32:34","date_gmt":"2016-05-23T12:32:34","guid":{"rendered":"http:\/\/santanasolutions.com.br\/marketplace\/loja\/sem%20categoria\/leitor-de-codigo-de-barras-argox-as8250\/"},"modified":"2024-10-07T11:45:55","modified_gmt":"2024-10-07T14:45:55","slug":"leitor-de-codigo-de-barras-argox-as8250","status":"publish","type":"product","link":"https:\/\/santanasolutions.com.br\/marketplace\/loja\/equipamentos\/leitores\/leitor-de-codigo-de-barras-argox-as8250\/","title":{"rendered":"Leitor de C\u00f3digo de Barras Argox &#8211; AS8250 PS2 &#8211; SEMI NOVO"},"content":{"rendered":"<p><strong>Produto Seminovo<\/strong> em Excelente estado. Sem marcas de uso. Estoque Limitado.<\/p>\n<p>O Leitor Argox AS8250 al\u00e9m de ser o modelo homologado pelos Correios para uso em AGF&#8217;s,\u00a0\u00e9 indicado para uma grande variedade de ambientes e situa\u00e7\u00f5es. Seja para controle de produtos, ponto-de-venda, escrit\u00f3rios, etc.\u00a0Este modelo de longo alcance oferece leitura r\u00e1pida e precisa de c\u00f3digos PDF, bem como todas as simbologias lineares padr\u00e3o.<\/p>\n<h3>Informa\u00e7\u00f5es T\u00e9cnicas:<\/h3>\n<p><strong>Refer\u00eancia:<\/strong> AS-8250<br \/>\n<strong>Modelo:<\/strong> AS8250<br \/>\n<strong>Cor:<\/strong> Cinza<br \/>\n<strong>Interface:<\/strong>\u00a0PS2<br \/>\n<strong>Peso sem o cabo:<\/strong> 150g<br \/>\n<strong>Tipo de leitor:<\/strong> CCD<br \/>\n<strong>Sensor \u00d3ptico:<\/strong> 2048 pixels<br \/>\n<strong>Resolu\u00e7\u00e3o do C\u00f3digo de barras:<\/strong> 4 mils<br \/>\n<strong>Dist\u00e2ncia de leitura:<\/strong> 0 \u00e0 25 cm<br \/>\n<strong>Contraste:<\/strong> 30% ou mais<br \/>\n<strong>Velocidade:<\/strong> 200 scans\/sec<br \/>\n<strong>Interfaces:<\/strong> PS2, USB, Serial ou Teclado;<br \/>\n<strong>Simbologias Suportadas:<\/strong> Atende as principais simbologias utilizadas no mercado, inclusive 2D (PDF)<br \/>\n<strong>Tamanho do Cabo:<\/strong> 2 metros<br \/>\n<strong>Voltagem:<\/strong> 5VDC<br \/>\n<strong>Consumo em Standby:<\/strong> 900 mW<br \/>\n<strong>Consumo em Opera\u00e7\u00e3o:<\/strong> 500 mW<br \/>\n<strong>Temperatura de Opera\u00e7\u00e3o:<\/strong> 0o a 40o C<br \/>\n<strong>Temperatura de Armazenagem:<\/strong> -40o a 60oC<br \/>\n<strong>Umidade:<\/strong> Sem condensa\u00e7\u00e3o de 5oC a 90oC<br \/>\n<strong>Compatibilidade:<\/strong> Windows 98\/2000\/NT\/XP\/Vista\/7<br \/>\n<strong>Regulamenta\u00e7\u00f5es:<\/strong> CE, FCC, CCC, RoHS.<\/p>\n<h3>Acompanha:<\/h3>\n<p>Pistola c\u00f3digo de barras Argox AS-8250<br \/>\nCabo PS2<\/p>\n","protected":false},"excerpt":{"rendered":"<p>Produto Seminovo em Excelente estado. Sem marcas de uso. Estoque Limitado. O Leitor Argox AS8250 al\u00e9m de ser o modelo homologado pelos Correios para uso em AGF&#8217;s,\u00a0\u00e9 indicado para uma grande variedade de ambientes e situa\u00e7\u00f5es. Seja para controle de produtos, ponto-de-venda, escrit\u00f3rios, etc.\u00a0Este modelo de longo alcance oferece leitura r\u00e1pida e precisa de c\u00f3digos [&hellip;]<\/p>\n","protected":false},"featured_media":2139,"comment_status":"open","ping_status":"closed","template":"","meta":[],"product_brand":[],"product_cat":[25,47],"product_tag":[],"class_list":{"0":"post-2138","1":"product","2":"type-product","3":"status-publish","4":"has-post-thumbnail","6":"product_cat-equipamentos","7":"product_cat-leitores","8":"product_shipping_class-ss","9":"dc_vendor_shop-vendas1","11":"first","12":"instock","13":"featured","14":"shipping-taxable","15":"purchasable","16":"product-type-simple"},"_links":{"self":[{"href":"https:\/\/santanasolutions.com.br\/marketplace\/wp-json\/wp\/v2\/product\/2138","targetHints":{"allow":["GET"]}}],"collection":[{"href":"https:\/\/santanasolutions.com.br\/marketplace\/wp-json\/wp\/v2\/product"}],"about":[{"href":"https:\/\/santanasolutions.com.br\/marketplace\/wp-json\/wp\/v2\/types\/product"}],"replies":[{"embeddable":true,"href":"https:\/\/santanasolutions.com.br\/marketplace\/wp-json\/wp\/v2\/comments?post=2138"}],"wp:featuredmedia":[{"embeddable":true,"href":"https:\/\/santanasolutions.com.br\/marketplace\/wp-json\/wp\/v2\/media\/2139"}],"wp:attachment":[{"href":"https:\/\/santanasolutions.com.br\/marketplace\/wp-json\/wp\/v2\/media?parent=2138"}],"wp:term":[{"taxonomy":"product_brand","embeddable":true,"href":"https:\/\/santanasolutions.com.br\/marketplace\/wp-json\/wp\/v2\/product_brand?post=2138"},{"taxonomy":"product_cat","embeddable":true,"href":"https:\/\/santanasolutions.com.br\/marketplace\/wp-json\/wp\/v2\/product_cat?post=2138"},{"taxonomy":"product_tag","embeddable":true,"href":"https:\/\/santanasolutions.com.br\/marketplace\/wp-json\/wp\/v2\/product_tag?post=2138"}],"curies":[{"name":"wp","href":"https:\/\/api.w.org\/{rel}","templated":true}]}}