{"id":2151,"date":"2018-05-10T10:05:46","date_gmt":"2018-05-10T13:05:46","guid":{"rendered":"http:\/\/santanasolutions.com.br\/marketplace\/loja\/sem%20categoria\/import-placeholder-for-2276\/"},"modified":"2024-08-14T11:07:13","modified_gmt":"2024-08-14T14:07:13","slug":"adesivo-numeracao-de-guiche","status":"publish","type":"product","link":"https:\/\/santanasolutions.com.br\/marketplace\/loja\/comunicacao-visual\/adesivos\/adesivo-numeracao-de-guiche\/","title":{"rendered":"Adesivo Numera\u00e7\u00e3o de Guich\u00ea 11&#215;11- Pre\u00e7o por Unidade"},"content":{"rendered":"<p>Instale os\u00a0adesivos de guich\u00ea da nova comunica\u00e7\u00e3o visual dos Correios.\u00a0Material dur\u00e1vel e resistente.<\/p>\n<pre><strong>OBS.: Sequ\u00eancia dos guich\u00eas de acordo com a quantidade adquirida, \r\ncaso queira multiplicar o pedido, multiplique\r\na quantidade de guich\u00ea pela quantidade de etiquetas.<\/strong><\/pre>\n","protected":false},"excerpt":{"rendered":"<p>Instale os\u00a0adesivos de guich\u00ea da nova comunica\u00e7\u00e3o visual dos Correios.\u00a0Material dur\u00e1vel e resistente. OBS.: Sequ\u00eancia dos guich\u00eas de acordo com a quantidade adquirida, caso queira multiplicar o pedido, multiplique a quantidade de guich\u00ea pela quantidade de etiquetas.<\/p>\n","protected":false},"featured_media":5829,"comment_status":"open","ping_status":"closed","template":"","meta":[],"product_brand":[],"product_cat":[134,54],"product_tag":[370],"class_list":{"0":"post-2151","1":"product","2":"type-product","3":"status-publish","4":"has-post-thumbnail","6":"product_cat-comunicacao-visual","7":"product_cat-adesivos","8":"product_tag-sappp","9":"product_shipping_class-ss","10":"dc_vendor_shop-vendas1","12":"first","13":"onbackorder","14":"shipping-taxable","15":"purchasable","16":"product-type-simple"},"_links":{"self":[{"href":"https:\/\/santanasolutions.com.br\/marketplace\/wp-json\/wp\/v2\/product\/2151","targetHints":{"allow":["GET"]}}],"collection":[{"href":"https:\/\/santanasolutions.com.br\/marketplace\/wp-json\/wp\/v2\/product"}],"about":[{"href":"https:\/\/santanasolutions.com.br\/marketplace\/wp-json\/wp\/v2\/types\/product"}],"replies":[{"embeddable":true,"href":"https:\/\/santanasolutions.com.br\/marketplace\/wp-json\/wp\/v2\/comments?post=2151"}],"wp:featuredmedia":[{"embeddable":true,"href":"https:\/\/santanasolutions.com.br\/marketplace\/wp-json\/wp\/v2\/media\/5829"}],"wp:attachment":[{"href":"https:\/\/santanasolutions.com.br\/marketplace\/wp-json\/wp\/v2\/media?parent=2151"}],"wp:term":[{"taxonomy":"product_brand","embeddable":true,"href":"https:\/\/santanasolutions.com.br\/marketplace\/wp-json\/wp\/v2\/product_brand?post=2151"},{"taxonomy":"product_cat","embeddable":true,"href":"https:\/\/santanasolutions.com.br\/marketplace\/wp-json\/wp\/v2\/product_cat?post=2151"},{"taxonomy":"product_tag","embeddable":true,"href":"https:\/\/santanasolutions.com.br\/marketplace\/wp-json\/wp\/v2\/product_tag?post=2151"}],"curies":[{"name":"wp","href":"https:\/\/api.w.org\/{rel}","templated":true}]}}