{"id":2388,"date":"2018-06-14T14:04:27","date_gmt":"2018-06-14T17:04:27","guid":{"rendered":"http:\/\/santanasolutions.com.br\/marketplace\/?post_type=product&#038;p=2388"},"modified":"2025-10-13T16:31:10","modified_gmt":"2025-10-13T19:31:10","slug":"comunicacao-visual-carros-adesivos","status":"publish","type":"product","link":"https:\/\/santanasolutions.com.br\/marketplace\/loja\/comunicacao-visual\/adesivos\/comunicacao-visual-carros-adesivos\/","title":{"rendered":"Comunica\u00e7\u00e3o Visual Carros &#8211; Adesivos Padr\u00e3o Correios"},"content":{"rendered":"<p>Composi\u00e7\u00e3o do Kit: Duas mantas magn\u00e9ticas + adesivo&#8221;Como estou dirigindo&#8221;<\/p>\n","protected":false},"excerpt":{"rendered":"<p>Jogo com 2 adesivos, um para cada porta, com adesivo &#8220;Como estou dirigindo&#8221;.<\/p>\n","protected":false},"featured_media":2656,"comment_status":"open","ping_status":"closed","template":"","meta":[],"product_brand":[],"product_cat":[134,54],"product_tag":[309,315,370],"class_list":{"0":"post-2388","1":"product","2":"type-product","3":"status-publish","4":"has-post-thumbnail","6":"product_cat-comunicacao-visual","7":"product_cat-adesivos","8":"product_tag-adesivo","9":"product_tag-comunicacao-carros","10":"product_tag-sappp","11":"product_shipping_class-ss","12":"dc_vendor_shop-vendas1","14":"first","15":"onbackorder","16":"shipping-taxable","17":"purchasable","18":"product-type-simple"},"_links":{"self":[{"href":"https:\/\/santanasolutions.com.br\/marketplace\/wp-json\/wp\/v2\/product\/2388","targetHints":{"allow":["GET"]}}],"collection":[{"href":"https:\/\/santanasolutions.com.br\/marketplace\/wp-json\/wp\/v2\/product"}],"about":[{"href":"https:\/\/santanasolutions.com.br\/marketplace\/wp-json\/wp\/v2\/types\/product"}],"replies":[{"embeddable":true,"href":"https:\/\/santanasolutions.com.br\/marketplace\/wp-json\/wp\/v2\/comments?post=2388"}],"wp:featuredmedia":[{"embeddable":true,"href":"https:\/\/santanasolutions.com.br\/marketplace\/wp-json\/wp\/v2\/media\/2656"}],"wp:attachment":[{"href":"https:\/\/santanasolutions.com.br\/marketplace\/wp-json\/wp\/v2\/media?parent=2388"}],"wp:term":[{"taxonomy":"product_brand","embeddable":true,"href":"https:\/\/santanasolutions.com.br\/marketplace\/wp-json\/wp\/v2\/product_brand?post=2388"},{"taxonomy":"product_cat","embeddable":true,"href":"https:\/\/santanasolutions.com.br\/marketplace\/wp-json\/wp\/v2\/product_cat?post=2388"},{"taxonomy":"product_tag","embeddable":true,"href":"https:\/\/santanasolutions.com.br\/marketplace\/wp-json\/wp\/v2\/product_tag?post=2388"}],"curies":[{"name":"wp","href":"https:\/\/api.w.org\/{rel}","templated":true}]}}