{"id":2400,"date":"2018-06-22T15:43:22","date_gmt":"2018-06-22T18:43:22","guid":{"rendered":"http:\/\/santanasolutions.com.br\/marketplace\/loja\/sem%20categoria\/piso-tatil-alerta-pvc\/"},"modified":"2026-01-15T12:32:53","modified_gmt":"2026-01-15T15:32:53","slug":"piso-tatil-alerta-pvc","status":"publish","type":"product","link":"https:\/\/santanasolutions.com.br\/marketplace\/loja\/acessibilidade\/piso-tatil-alerta-pvc\/","title":{"rendered":"Piso T\u00e1til Direcional &#8211; PVC"},"content":{"rendered":"<p><strong>Medidas:<\/strong> 250 x 250 x 0,5 mm<\/p>\n<p><strong>Mat\u00e9ria Prima:<\/strong> PVC Cloreto de vinila com aditivo U.V<\/p>\n<p><strong>Instala\u00e7\u00e3o:<\/strong> Cola de contato<\/p>\n<p><strong>Cores do produto:\u00a0 <\/strong>Azul, Amarelo, Cinza e Preto.<\/p>\n<p>&nbsp;<\/p>\n<p><strong>Atende Norma:<\/strong> NBR 16537\/ 2016<\/p>\n<p>&nbsp;<\/p>\n<p><strong>PEDIDO MINIMO 10 PE\u00c7AS\u00a0<\/strong><\/p>\n","protected":false},"excerpt":{"rendered":"<p>O Piso T\u00e1til Direcional de PVC auxilia o deficiente visual e a pessoa de baixa vis\u00e3o a percorrer por ambientes internos com maior autonomia. \u00c9 utilizado para alertar\/ sinalizar: mudan\u00e7as de rotas, in\u00edcio e fim de escadas ou rampas, balc\u00e3o de atendimento,\u00a0 acessos \u00e0 itens como bebedouro e orelh\u00e3o, acesso a entradas e sa\u00edda de ambientes.<br \/>\nA cor do piso t\u00e1til alerta deve ser sempre contrastante com o piso j\u00e1 existente de onde ser\u00e1 instalado, conforme a norma NBR 16537\/ 2016.<\/p>\n","protected":false},"featured_media":3471,"comment_status":"open","ping_status":"closed","template":"","meta":[],"product_brand":[],"product_cat":[69],"product_tag":[106,104,346,349],"class_list":{"0":"post-2400","1":"product","2":"type-product","3":"status-publish","4":"has-post-thumbnail","6":"product_cat-acessibilidade","7":"product_tag-piso-para-cego","8":"product_tag-piso-tatil","9":"product_tag-piso-tatil-alerta-2","10":"product_tag-piso-tatil-pvc-2","11":"product_shipping_class-ss","12":"dc_vendor_shop-vendas1","14":"first","15":"onbackorder","16":"shipping-taxable","17":"purchasable","18":"product-type-simple"},"_links":{"self":[{"href":"https:\/\/santanasolutions.com.br\/marketplace\/wp-json\/wp\/v2\/product\/2400","targetHints":{"allow":["GET"]}}],"collection":[{"href":"https:\/\/santanasolutions.com.br\/marketplace\/wp-json\/wp\/v2\/product"}],"about":[{"href":"https:\/\/santanasolutions.com.br\/marketplace\/wp-json\/wp\/v2\/types\/product"}],"replies":[{"embeddable":true,"href":"https:\/\/santanasolutions.com.br\/marketplace\/wp-json\/wp\/v2\/comments?post=2400"}],"wp:featuredmedia":[{"embeddable":true,"href":"https:\/\/santanasolutions.com.br\/marketplace\/wp-json\/wp\/v2\/media\/3471"}],"wp:attachment":[{"href":"https:\/\/santanasolutions.com.br\/marketplace\/wp-json\/wp\/v2\/media?parent=2400"}],"wp:term":[{"taxonomy":"product_brand","embeddable":true,"href":"https:\/\/santanasolutions.com.br\/marketplace\/wp-json\/wp\/v2\/product_brand?post=2400"},{"taxonomy":"product_cat","embeddable":true,"href":"https:\/\/santanasolutions.com.br\/marketplace\/wp-json\/wp\/v2\/product_cat?post=2400"},{"taxonomy":"product_tag","embeddable":true,"href":"https:\/\/santanasolutions.com.br\/marketplace\/wp-json\/wp\/v2\/product_tag?post=2400"}],"curies":[{"name":"wp","href":"https:\/\/api.w.org\/{rel}","templated":true}]}}