{"id":2409,"date":"2018-06-25T10:03:41","date_gmt":"2018-06-25T13:03:41","guid":{"rendered":"http:\/\/santanasolutions.com.br\/marketplace\/loja\/sem%20categoria\/faixa-de-sinalizacao-para-degrau\/"},"modified":"2023-03-02T12:03:48","modified_gmt":"2023-03-02T15:03:48","slug":"faixa-de-sinalizacao-para-degrau","status":"publish","type":"product","link":"https:\/\/santanasolutions.com.br\/marketplace\/loja\/acessibilidade\/faixa-de-sinalizacao-para-degrau\/","title":{"rendered":"Faixa de Sinaliza\u00e7\u00e3o para Degrau"},"content":{"rendered":"<p><strong>Medidas :<\/strong>\u00a020 x 3 cm<\/p>\n<p><strong>Mat\u00e9ria Prima:<\/strong>\u00a0Policarbonato<\/p>\n<p><strong>Instala\u00e7\u00e3o:<\/strong>\u00a0adesivo dupla-face<\/p>\n<p><strong>Modelo:<\/strong>\u00a0Liso<\/p>\n<p><strong>Cor:\u00a0 Amarelo<\/strong><\/p>\n<p><strong>Atende Norma:<\/strong> NBR 9050\/2015<\/p>\n","protected":false},"excerpt":{"rendered":"<p>Em conformidades com a norma NBR 9050\/ 2015, as faixas de sinaliza\u00e7\u00e3o para degrau s\u00e3o um tipo de dispositivo de seguran\u00e7a que sinaliza degraus de escadas, prevenindo quedas ou trope\u00e7\u00f5es, alertando pessoas de baixa vis\u00e3o onde h\u00e1 degraus em escadarias.<\/p>\n","protected":false},"featured_media":4630,"comment_status":"open","ping_status":"closed","template":"","meta":[],"product_brand":[],"product_cat":[69],"product_tag":[],"class_list":{"0":"post-2409","1":"product","2":"type-product","3":"status-publish","4":"has-post-thumbnail","6":"product_cat-acessibilidade","7":"product_shipping_class-ss","8":"dc_vendor_shop-vendas1","10":"first","11":"onbackorder","12":"shipping-taxable","13":"product-type-simple"},"_links":{"self":[{"href":"https:\/\/santanasolutions.com.br\/marketplace\/wp-json\/wp\/v2\/product\/2409","targetHints":{"allow":["GET"]}}],"collection":[{"href":"https:\/\/santanasolutions.com.br\/marketplace\/wp-json\/wp\/v2\/product"}],"about":[{"href":"https:\/\/santanasolutions.com.br\/marketplace\/wp-json\/wp\/v2\/types\/product"}],"replies":[{"embeddable":true,"href":"https:\/\/santanasolutions.com.br\/marketplace\/wp-json\/wp\/v2\/comments?post=2409"}],"wp:featuredmedia":[{"embeddable":true,"href":"https:\/\/santanasolutions.com.br\/marketplace\/wp-json\/wp\/v2\/media\/4630"}],"wp:attachment":[{"href":"https:\/\/santanasolutions.com.br\/marketplace\/wp-json\/wp\/v2\/media?parent=2409"}],"wp:term":[{"taxonomy":"product_brand","embeddable":true,"href":"https:\/\/santanasolutions.com.br\/marketplace\/wp-json\/wp\/v2\/product_brand?post=2409"},{"taxonomy":"product_cat","embeddable":true,"href":"https:\/\/santanasolutions.com.br\/marketplace\/wp-json\/wp\/v2\/product_cat?post=2409"},{"taxonomy":"product_tag","embeddable":true,"href":"https:\/\/santanasolutions.com.br\/marketplace\/wp-json\/wp\/v2\/product_tag?post=2409"}],"curies":[{"name":"wp","href":"https:\/\/api.w.org\/{rel}","templated":true}]}}