{"id":2497,"date":"2018-07-03T10:37:01","date_gmt":"2018-07-03T13:37:01","guid":{"rendered":"http:\/\/santanasolutions.com.br\/marketplace\/loja\/sem%20categoria\/elemento-tatil-direcional-azul\/"},"modified":"2023-02-22T16:11:46","modified_gmt":"2023-02-22T19:11:46","slug":"elemento-tatil-direcional-azul","status":"publish","type":"product","link":"https:\/\/santanasolutions.com.br\/marketplace\/loja\/acessibilidade\/elemento-tatil-direcional-azul\/","title":{"rendered":"Elemento T\u00e1til Direcional Azul"},"content":{"rendered":"<p>Medidas: 235 mm x 40 mm<\/p>\n<p>Espessura: 5 mm<\/p>\n<p>Composi\u00e7\u00e3o: PVC<\/p>\n<p>Pre\u00e7o por metro linear: R$ 60,00<\/p>\n<p>Modelo: Piso t\u00e1til direcional por elemento<\/p>\n<p>Cor:\u00a0 azul<\/p>\n<p>Atende: NBR 16537\/2016<\/p>\n","protected":false},"excerpt":{"rendered":"<p>O elemento t\u00e1til direcional \u00e9 mais uma op\u00e7\u00e3o de piso t\u00e1til em PVC para \u00e1reas internas, \u00e9 indicado para ambientes que necessitam de preserva\u00e7\u00e3o est\u00e9tica, j\u00e1 que seu formato vazado de piso t\u00e1til permite a sinaliza\u00e7\u00e3o do ambiente sem agredir a est\u00e9tica do local.<br \/>\nO modelo direcional \u00e9 utilizado para direcionar\/ sinalizar: caminhos para seu deslocamento. A cor do piso t\u00e1til direcional deve ser sempre contrastante com o piso j\u00e1 existente de onde ser\u00e1 instalado, conforme a norma NBR 16537\/ 2016.<\/p>\n","protected":false},"featured_media":2494,"comment_status":"open","ping_status":"closed","template":"","meta":[],"product_brand":[],"product_cat":[69],"product_tag":[351,352,349],"class_list":{"0":"post-2497","1":"product","2":"type-product","3":"status-publish","4":"has-post-thumbnail","6":"product_cat-acessibilidade","7":"product_tag-direcional","8":"product_tag-piso-tatil-direcional-2","9":"product_tag-piso-tatil-pvc-2","10":"dc_vendor_shop-brasil-decorar","12":"first","13":"onbackorder","14":"shipping-taxable","15":"product-type-simple"},"_links":{"self":[{"href":"https:\/\/santanasolutions.com.br\/marketplace\/wp-json\/wp\/v2\/product\/2497","targetHints":{"allow":["GET"]}}],"collection":[{"href":"https:\/\/santanasolutions.com.br\/marketplace\/wp-json\/wp\/v2\/product"}],"about":[{"href":"https:\/\/santanasolutions.com.br\/marketplace\/wp-json\/wp\/v2\/types\/product"}],"replies":[{"embeddable":true,"href":"https:\/\/santanasolutions.com.br\/marketplace\/wp-json\/wp\/v2\/comments?post=2497"}],"wp:featuredmedia":[{"embeddable":true,"href":"https:\/\/santanasolutions.com.br\/marketplace\/wp-json\/wp\/v2\/media\/2494"}],"wp:attachment":[{"href":"https:\/\/santanasolutions.com.br\/marketplace\/wp-json\/wp\/v2\/media?parent=2497"}],"wp:term":[{"taxonomy":"product_brand","embeddable":true,"href":"https:\/\/santanasolutions.com.br\/marketplace\/wp-json\/wp\/v2\/product_brand?post=2497"},{"taxonomy":"product_cat","embeddable":true,"href":"https:\/\/santanasolutions.com.br\/marketplace\/wp-json\/wp\/v2\/product_cat?post=2497"},{"taxonomy":"product_tag","embeddable":true,"href":"https:\/\/santanasolutions.com.br\/marketplace\/wp-json\/wp\/v2\/product_tag?post=2497"}],"curies":[{"name":"wp","href":"https:\/\/api.w.org\/{rel}","templated":true}]}}