{"id":2503,"date":"2018-07-03T11:02:53","date_gmt":"2018-07-03T14:02:53","guid":{"rendered":"http:\/\/santanasolutions.com.br\/marketplace\/loja\/sem%20categoria\/elemento-tatil-alerta-amarelo\/"},"modified":"2023-02-22T16:11:05","modified_gmt":"2023-02-22T19:11:05","slug":"elemento-tatil-alerta-amarelo","status":"publish","type":"product","link":"https:\/\/santanasolutions.com.br\/marketplace\/loja\/acessibilidade\/elemento-tatil-alerta-amarelo\/","title":{"rendered":"Elemento T\u00e1til Alerta Amarelo"},"content":{"rendered":"<p>Medidas: 30 mm x 30 mm<\/p>\n<p>Espessura: 5 mm<\/p>\n<p>Composi\u00e7\u00e3o: PVC<\/p>\n<p>Pre\u00e7o por metro linear: R$ 60,00<\/p>\n<p>Modelo: Piso t\u00e1til alerta por elemento<\/p>\n<p>Cor:\u00a0 amarelo<\/p>\n<p>Atende: NBR 16537\/2016<\/p>\n","protected":false},"excerpt":{"rendered":"<p>O elemento t\u00e1til alerta \u00e9 mais uma op\u00e7\u00e3o de piso t\u00e1til em PVC para \u00e1reas internas, \u00e9 indicado para ambientes que necessitam de preserva\u00e7\u00e3o est\u00e9tica, j\u00e1 que seu formato vazado de piso t\u00e1til permite a sinaliza\u00e7\u00e3o do ambiente sem agredir a est\u00e9tica do local.<br \/>\nO modelo alerta \u00e9 utilizado para alertar\/ sinalizar: mudan\u00e7as de rotas, in\u00edcio e fim de escadas e rampas, acessos \u00e0 itens como bebedouro e orelh\u00e3o, acesso a entradas e sa\u00edda de ambientes.<br \/>\nA cor do piso t\u00e1til alerta deve ser sempre contrastante com o piso j\u00e1 existente de onde ser\u00e1 instalado, conforme a norma NBR 16537\/ 2016.<\/p>\n","protected":false},"featured_media":2502,"comment_status":"open","ping_status":"closed","template":"","meta":[],"product_brand":[],"product_cat":[69],"product_tag":[342,348,346,349],"class_list":{"0":"post-2503","1":"product","2":"type-product","3":"status-publish","4":"has-post-thumbnail","6":"product_cat-acessibilidade","7":"product_tag-elemento","8":"product_tag-piso-elemento-pvc","9":"product_tag-piso-tatil-alerta-2","10":"product_tag-piso-tatil-pvc-2","11":"dc_vendor_shop-brasil-decorar","13":"first","14":"onbackorder","15":"shipping-taxable","16":"product-type-simple"},"_links":{"self":[{"href":"https:\/\/santanasolutions.com.br\/marketplace\/wp-json\/wp\/v2\/product\/2503","targetHints":{"allow":["GET"]}}],"collection":[{"href":"https:\/\/santanasolutions.com.br\/marketplace\/wp-json\/wp\/v2\/product"}],"about":[{"href":"https:\/\/santanasolutions.com.br\/marketplace\/wp-json\/wp\/v2\/types\/product"}],"replies":[{"embeddable":true,"href":"https:\/\/santanasolutions.com.br\/marketplace\/wp-json\/wp\/v2\/comments?post=2503"}],"wp:featuredmedia":[{"embeddable":true,"href":"https:\/\/santanasolutions.com.br\/marketplace\/wp-json\/wp\/v2\/media\/2502"}],"wp:attachment":[{"href":"https:\/\/santanasolutions.com.br\/marketplace\/wp-json\/wp\/v2\/media?parent=2503"}],"wp:term":[{"taxonomy":"product_brand","embeddable":true,"href":"https:\/\/santanasolutions.com.br\/marketplace\/wp-json\/wp\/v2\/product_brand?post=2503"},{"taxonomy":"product_cat","embeddable":true,"href":"https:\/\/santanasolutions.com.br\/marketplace\/wp-json\/wp\/v2\/product_cat?post=2503"},{"taxonomy":"product_tag","embeddable":true,"href":"https:\/\/santanasolutions.com.br\/marketplace\/wp-json\/wp\/v2\/product_tag?post=2503"}],"curies":[{"name":"wp","href":"https:\/\/api.w.org\/{rel}","templated":true}]}}