{"id":2518,"date":"2018-07-03T11:34:11","date_gmt":"2018-07-03T14:34:11","guid":{"rendered":"http:\/\/santanasolutions.com.br\/marketplace\/loja\/sem%20categoria\/elemento-tatil-direcional-inox\/"},"modified":"2022-06-28T11:23:28","modified_gmt":"2022-06-28T14:23:28","slug":"elemento-tatil-direcional-inox","status":"publish","type":"product","link":"https:\/\/santanasolutions.com.br\/marketplace\/loja\/acessibilidade\/elemento-tatil-direcional-inox\/","title":{"rendered":"Elemento T\u00e1til Direcional Inox"},"content":{"rendered":"<p>Medidas: 235 mm x 40 mm<\/p>\n<p>Espessura: 5 mm<\/p>\n<p>Composi\u00e7\u00e3o: PVC com cobertura em Inox<\/p>\n<p>Modelo: Piso t\u00e1til direcional por elemento<\/p>\n<p>Cor:\u00a0 Inox<\/p>\n<p>Atende: NBR 16537\/2016<\/p>\n","protected":false},"excerpt":{"rendered":"<p>O elemento t\u00e1til direcional \u00e9 mais uma op\u00e7\u00e3o de piso t\u00e1til em Inox para \u00e1reas internas e externas, \u00e9 indicado para ambientes que necessitam de preserva\u00e7\u00e3o est\u00e9tica, j\u00e1 que seu formato vazado de piso t\u00e1til permite a sinaliza\u00e7\u00e3o do ambiente sem agredir a est\u00e9tica do local, al\u00e9m de apresentar caracter\u00edsticas de brilho do inox que remetem ao requinte e sofistica\u00e7\u00e3o.<br \/>\nO modelo direcional \u00e9\u00a0utilizado para direcionar\/ sinalizar: caminhos para seu deslocamento. A cor do piso t\u00e1til direcional deve ser sempre contrastante com o piso j\u00e1 existente de onde ser\u00e1 instalado, conforme a norma NBR 16537\/ 2016.<\/p>\n","protected":false},"featured_media":3498,"comment_status":"open","ping_status":"closed","template":"","meta":[],"product_brand":[],"product_cat":[69],"product_tag":[],"class_list":{"0":"post-2518","1":"product","2":"type-product","3":"status-publish","4":"has-post-thumbnail","6":"product_cat-acessibilidade","7":"product_shipping_class-ss","8":"dc_vendor_shop-vendas1","10":"first","11":"onbackorder","12":"shipping-taxable","13":"product-type-simple"},"_links":{"self":[{"href":"https:\/\/santanasolutions.com.br\/marketplace\/wp-json\/wp\/v2\/product\/2518","targetHints":{"allow":["GET"]}}],"collection":[{"href":"https:\/\/santanasolutions.com.br\/marketplace\/wp-json\/wp\/v2\/product"}],"about":[{"href":"https:\/\/santanasolutions.com.br\/marketplace\/wp-json\/wp\/v2\/types\/product"}],"replies":[{"embeddable":true,"href":"https:\/\/santanasolutions.com.br\/marketplace\/wp-json\/wp\/v2\/comments?post=2518"}],"wp:featuredmedia":[{"embeddable":true,"href":"https:\/\/santanasolutions.com.br\/marketplace\/wp-json\/wp\/v2\/media\/3498"}],"wp:attachment":[{"href":"https:\/\/santanasolutions.com.br\/marketplace\/wp-json\/wp\/v2\/media?parent=2518"}],"wp:term":[{"taxonomy":"product_brand","embeddable":true,"href":"https:\/\/santanasolutions.com.br\/marketplace\/wp-json\/wp\/v2\/product_brand?post=2518"},{"taxonomy":"product_cat","embeddable":true,"href":"https:\/\/santanasolutions.com.br\/marketplace\/wp-json\/wp\/v2\/product_cat?post=2518"},{"taxonomy":"product_tag","embeddable":true,"href":"https:\/\/santanasolutions.com.br\/marketplace\/wp-json\/wp\/v2\/product_tag?post=2518"}],"curies":[{"name":"wp","href":"https:\/\/api.w.org\/{rel}","templated":true}]}}