{"id":2707,"date":"2018-07-18T14:02:45","date_gmt":"2018-07-18T17:02:45","guid":{"rendered":"http:\/\/santanasolutions.com.br\/marketplace\/?post_type=product&#038;p=2707"},"modified":"2021-06-29T17:10:34","modified_gmt":"2021-06-29T20:10:34","slug":"mesa-msro","status":"publish","type":"product","link":"https:\/\/santanasolutions.com.br\/marketplace\/loja\/mobiliarios\/mesa-msro\/","title":{"rendered":"Mesa MSRO-01"},"content":{"rendered":"<ul>\n<li>Confeccionada em A\u00e7o<\/li>\n<li>Atende a especifica\u00e7\u00e3o da ECT<\/li>\n<li>Tratamento da superf\u00edcie<\/li>\n<li>Galvanizada e finaliza\u00e7\u00e3o em pintura Eletrost\u00e1tica<\/li>\n<\/ul>\n","protected":false},"excerpt":{"rendered":"<p>Confeccionada em A\u00e7o Atende a especifica\u00e7\u00e3o da ECT Tratamento da superf\u00edcie Galvanizada e finaliza\u00e7\u00e3o em pintura Eletrost\u00e1tica<\/p>\n","protected":false},"featured_media":2709,"comment_status":"open","ping_status":"closed","template":"","meta":[],"product_brand":[],"product_cat":[23],"product_tag":[151,150,149],"class_list":{"0":"post-2707","1":"product","2":"type-product","3":"status-publish","4":"has-post-thumbnail","6":"product_cat-mobiliarios","7":"product_tag-mesa-expedicao","8":"product_tag-mobiliario-correios","9":"product_tag-msro","10":"product_shipping_class-mobiliario","11":"dc_vendor_shop-vendas-dm","13":"first","14":"onbackorder","15":"shipping-taxable","16":"product-type-simple"},"_links":{"self":[{"href":"https:\/\/santanasolutions.com.br\/marketplace\/wp-json\/wp\/v2\/product\/2707","targetHints":{"allow":["GET"]}}],"collection":[{"href":"https:\/\/santanasolutions.com.br\/marketplace\/wp-json\/wp\/v2\/product"}],"about":[{"href":"https:\/\/santanasolutions.com.br\/marketplace\/wp-json\/wp\/v2\/types\/product"}],"replies":[{"embeddable":true,"href":"https:\/\/santanasolutions.com.br\/marketplace\/wp-json\/wp\/v2\/comments?post=2707"}],"wp:featuredmedia":[{"embeddable":true,"href":"https:\/\/santanasolutions.com.br\/marketplace\/wp-json\/wp\/v2\/media\/2709"}],"wp:attachment":[{"href":"https:\/\/santanasolutions.com.br\/marketplace\/wp-json\/wp\/v2\/media?parent=2707"}],"wp:term":[{"taxonomy":"product_brand","embeddable":true,"href":"https:\/\/santanasolutions.com.br\/marketplace\/wp-json\/wp\/v2\/product_brand?post=2707"},{"taxonomy":"product_cat","embeddable":true,"href":"https:\/\/santanasolutions.com.br\/marketplace\/wp-json\/wp\/v2\/product_cat?post=2707"},{"taxonomy":"product_tag","embeddable":true,"href":"https:\/\/santanasolutions.com.br\/marketplace\/wp-json\/wp\/v2\/product_tag?post=2707"}],"curies":[{"name":"wp","href":"https:\/\/api.w.org\/{rel}","templated":true}]}}