{"id":2718,"date":"2018-07-19T10:30:07","date_gmt":"2018-07-19T13:30:07","guid":{"rendered":"http:\/\/santanasolutions.com.br\/marketplace\/loja\/sem%20categoria\/cad-04-erg\/"},"modified":"2020-11-20T11:04:58","modified_gmt":"2020-11-20T14:04:58","slug":"cadeira-para-agf-cad-04-erg","status":"publish","type":"product","link":"https:\/\/santanasolutions.com.br\/marketplace\/loja\/mobiliarios\/cadeira-para-agf-cad-04-erg\/","title":{"rendered":"Cadeira para AGF &#8211; CAD 04 ERG"},"content":{"rendered":"<p>Cadeira girat\u00f3ria alta, revestimento de tecido, constitu\u00edda de encosto com altura e inclina\u00e7\u00e3o ajust\u00e1veis, assento com altura regul\u00e1vel, anel apoia-p\u00e9 com altura regul\u00e1vel e base com rod\u00edzios resilientes e emborrachados, para ser utilizada em ag\u00eancias.<\/p>\n<p><strong>Prazo de fabrica\u00e7\u00e3o e entrega estimado: 30 dias\u00a0<\/strong><\/p>\n","protected":false},"excerpt":{"rendered":"<p>Cadeira girat\u00f3ria alta, revestimento de tecido, constitu\u00edda de encosto com altura e inclina\u00e7\u00e3o ajust\u00e1veis, assento com altura regul\u00e1vel, anel apoia-p\u00e9 com altura regul\u00e1vel e base com rod\u00edzios resilientes e emborrachados, para ser utilizada em ag\u00eancias.<\/p>\n","protected":false},"featured_media":2733,"comment_status":"open","ping_status":"closed","template":"","meta":[],"product_brand":[],"product_cat":[23],"product_tag":[],"class_list":{"0":"post-2718","1":"product","2":"type-product","3":"status-publish","4":"has-post-thumbnail","6":"product_cat-mobiliarios","7":"product_shipping_class-mobiliario","8":"dc_vendor_shop-licitacoesgold","10":"first","11":"instock","12":"shipping-taxable","13":"product-type-simple"},"_links":{"self":[{"href":"https:\/\/santanasolutions.com.br\/marketplace\/wp-json\/wp\/v2\/product\/2718","targetHints":{"allow":["GET"]}}],"collection":[{"href":"https:\/\/santanasolutions.com.br\/marketplace\/wp-json\/wp\/v2\/product"}],"about":[{"href":"https:\/\/santanasolutions.com.br\/marketplace\/wp-json\/wp\/v2\/types\/product"}],"replies":[{"embeddable":true,"href":"https:\/\/santanasolutions.com.br\/marketplace\/wp-json\/wp\/v2\/comments?post=2718"}],"wp:featuredmedia":[{"embeddable":true,"href":"https:\/\/santanasolutions.com.br\/marketplace\/wp-json\/wp\/v2\/media\/2733"}],"wp:attachment":[{"href":"https:\/\/santanasolutions.com.br\/marketplace\/wp-json\/wp\/v2\/media?parent=2718"}],"wp:term":[{"taxonomy":"product_brand","embeddable":true,"href":"https:\/\/santanasolutions.com.br\/marketplace\/wp-json\/wp\/v2\/product_brand?post=2718"},{"taxonomy":"product_cat","embeddable":true,"href":"https:\/\/santanasolutions.com.br\/marketplace\/wp-json\/wp\/v2\/product_cat?post=2718"},{"taxonomy":"product_tag","embeddable":true,"href":"https:\/\/santanasolutions.com.br\/marketplace\/wp-json\/wp\/v2\/product_tag?post=2718"}],"curies":[{"name":"wp","href":"https:\/\/api.w.org\/{rel}","templated":true}]}}