{"id":2761,"date":"2018-08-01T15:26:00","date_gmt":"2018-08-01T18:26:00","guid":{"rendered":"http:\/\/santanasolutions.com.br\/marketplace\/?post_type=product&#038;p=2761"},"modified":"2024-06-20T11:05:06","modified_gmt":"2024-06-20T14:05:06","slug":"balanca-urano-udc-co-30-10-30kg","status":"publish","type":"product","link":"https:\/\/santanasolutions.com.br\/marketplace\/loja\/equipamentos\/balancas\/balanca-urano-udc-co-30-10-30kg\/","title":{"rendered":"Balan\u00e7a Urano UDC CO 30\/10 \u2013 30Kg"},"content":{"rendered":"<p><i>Este equipamento segue as normas metrol\u00f3gicas exigidas pelo INMETRO para equipamentos de pesagem classe III, conforme a portaria n\u00ba 366, de 8 de setembro de 2021 e homologada pela EBCT<\/i>.<\/p>\n<p><b>Maior visibilidade das informa\u00e7\u00f5es<\/b>\u00a0\u2013 S\u00e3o dois displays, um para o operador e outro para o cliente, de cristal l\u00edquido com backlight, que oferecem excelente visibilidade em ambientes com pouca ilumina\u00e7\u00e3o.<\/p>\n<p><b>Ergon\u00f4mica<\/b>\u00a0\u2013 Para evitar esfor\u00e7o excessivo do operador, a UDC CO 30\/10 EBCT tem rampas de acesso laterais que facilitam a passagem dos objetos sobre a plataforma de pesagem, oferecendo maior conforto e agilidade na pesagem para os operadores.<\/p>\n<p><b>Robustez<\/b>\u00a0\u2013 Possui maior tempo de vida \u00fatil de opera\u00e7\u00e3o, porque \u00e9 super dimensionada para alto impacto. Isto representa para o operador maior tranquilidade no servi\u00e7o, pois sabe que est\u00e1 operando um equipamento de alta resist\u00eancia e robustez.<\/p>\n<p><b>Caracter\u00edsticas t\u00e9cnicas:<\/b><\/p>\n<p>\u2022 Teclas de \u201cL\/D\u201d, \u201cTARA\u201d e \u201cENVIA\u201d.<\/p>\n<p>\u2022 Displays de operador e cliente de cristal l\u00edquido, com backlight.<\/p>\n<p>\u2022 Bandeja em a\u00e7o inox.<\/p>\n<p>\u2022 N\u00edvel bolha.<\/p>\n<p>\u2022 Sa\u00edda serial RS232C e USB.<\/p>\n<p>\u2022 Fonte de alimenta\u00e7\u00e3o externa Full Range, de 90 a 240 VAC.<\/p>\n<p>\u2022 Capacidade de 30kg, divis\u00e3o de 10g.<\/p>\n<p>&nbsp;<\/p>\n<p>&nbsp;<\/p>\n<p><strong>PRAZO DE ENVIO AP\u00d3S APROVA\u00c7\u00c3O DE CADASTRO: AT\u00c9 7 DIAS \u00daTEIS<\/strong><\/p>\n","protected":false},"excerpt":{"rendered":"<p>Este equipamento segue as normas metrol\u00f3gicas exigidas pelo INMETRO para equipamentos de pesagem classe III, conforme a portaria n\u00ba 366, de 8 de setembro de 2021 e homologada pela EBCT. Maior visibilidade das informa\u00e7\u00f5es\u00a0\u2013 S\u00e3o dois displays, um para o operador e outro para o cliente, de cristal l\u00edquido com backlight, que oferecem excelente visibilidade [&hellip;]<\/p>\n","protected":false},"featured_media":2762,"comment_status":"open","ping_status":"closed","template":"","meta":[],"product_brand":[],"product_cat":[25,22],"product_tag":[],"class_list":{"0":"post-2761","1":"product","2":"type-product","3":"status-publish","4":"has-post-thumbnail","6":"product_cat-equipamentos","7":"product_cat-balancas","9":"first","10":"instock","11":"shipping-taxable","12":"product-type-simple"},"_links":{"self":[{"href":"https:\/\/santanasolutions.com.br\/marketplace\/wp-json\/wp\/v2\/product\/2761","targetHints":{"allow":["GET"]}}],"collection":[{"href":"https:\/\/santanasolutions.com.br\/marketplace\/wp-json\/wp\/v2\/product"}],"about":[{"href":"https:\/\/santanasolutions.com.br\/marketplace\/wp-json\/wp\/v2\/types\/product"}],"replies":[{"embeddable":true,"href":"https:\/\/santanasolutions.com.br\/marketplace\/wp-json\/wp\/v2\/comments?post=2761"}],"wp:featuredmedia":[{"embeddable":true,"href":"https:\/\/santanasolutions.com.br\/marketplace\/wp-json\/wp\/v2\/media\/2762"}],"wp:attachment":[{"href":"https:\/\/santanasolutions.com.br\/marketplace\/wp-json\/wp\/v2\/media?parent=2761"}],"wp:term":[{"taxonomy":"product_brand","embeddable":true,"href":"https:\/\/santanasolutions.com.br\/marketplace\/wp-json\/wp\/v2\/product_brand?post=2761"},{"taxonomy":"product_cat","embeddable":true,"href":"https:\/\/santanasolutions.com.br\/marketplace\/wp-json\/wp\/v2\/product_cat?post=2761"},{"taxonomy":"product_tag","embeddable":true,"href":"https:\/\/santanasolutions.com.br\/marketplace\/wp-json\/wp\/v2\/product_tag?post=2761"}],"curies":[{"name":"wp","href":"https:\/\/api.w.org\/{rel}","templated":true}]}}