{"id":2763,"date":"2018-08-01T16:01:07","date_gmt":"2018-08-01T19:01:07","guid":{"rendered":"http:\/\/santanasolutions.com.br\/marketplace\/?post_type=product&#038;p=2763"},"modified":"2020-07-09T14:35:54","modified_gmt":"2020-07-09T17:35:54","slug":"balanca-urano-udc-6000-1-s6kg","status":"publish","type":"product","link":"https:\/\/santanasolutions.com.br\/marketplace\/loja\/equipamentos\/balancas\/balanca-urano-udc-6000-1-s6kg\/","title":{"rendered":"Balan\u00e7a Urano UDC 6000\/1- 6Kg"},"content":{"rendered":"<p><strong>Modelo:<\/strong>\u00a0UDC 6000\/1-S<br \/>\n<strong>Descri\u00e7\u00f5es:<br \/>\n<\/strong>-Voltagem de Rede : 90 a 242 Vac autom\u00e1tica. (Fonte chaveada full range).<br \/>\n-Frequ\u00eancia de rede : 60 Hz +\/- 5%<br \/>\n-Temperatura de trabalho : 0\u00b0 a 40 \u00b0 C<br \/>\n-Sa\u00edda USB<br \/>\n-Tara<br \/>\n-Zero autom\u00e1tico<\/p>\n","protected":false},"excerpt":{"rendered":"<p>Modelo:\u00a0UDC 6000\/1-S Descri\u00e7\u00f5es: -Voltagem de Rede : 90 a 242 Vac autom\u00e1tica. (Fonte chaveada full range). -Frequ\u00eancia de rede : 60 Hz +\/- 5% -Temperatura de trabalho : 0\u00b0 a 40 \u00b0 C -Sa\u00edda USB -Tara -Zero autom\u00e1tico<\/p>\n","protected":false},"featured_media":2764,"comment_status":"open","ping_status":"closed","template":"","meta":[],"product_brand":[],"product_cat":[25,22],"product_tag":[],"class_list":{"0":"post-2763","1":"product","2":"type-product","3":"status-publish","4":"has-post-thumbnail","6":"product_cat-equipamentos","7":"product_cat-balancas","9":"first","10":"instock","11":"shipping-taxable","12":"product-type-simple"},"_links":{"self":[{"href":"https:\/\/santanasolutions.com.br\/marketplace\/wp-json\/wp\/v2\/product\/2763","targetHints":{"allow":["GET"]}}],"collection":[{"href":"https:\/\/santanasolutions.com.br\/marketplace\/wp-json\/wp\/v2\/product"}],"about":[{"href":"https:\/\/santanasolutions.com.br\/marketplace\/wp-json\/wp\/v2\/types\/product"}],"replies":[{"embeddable":true,"href":"https:\/\/santanasolutions.com.br\/marketplace\/wp-json\/wp\/v2\/comments?post=2763"}],"wp:featuredmedia":[{"embeddable":true,"href":"https:\/\/santanasolutions.com.br\/marketplace\/wp-json\/wp\/v2\/media\/2764"}],"wp:attachment":[{"href":"https:\/\/santanasolutions.com.br\/marketplace\/wp-json\/wp\/v2\/media?parent=2763"}],"wp:term":[{"taxonomy":"product_brand","embeddable":true,"href":"https:\/\/santanasolutions.com.br\/marketplace\/wp-json\/wp\/v2\/product_brand?post=2763"},{"taxonomy":"product_cat","embeddable":true,"href":"https:\/\/santanasolutions.com.br\/marketplace\/wp-json\/wp\/v2\/product_cat?post=2763"},{"taxonomy":"product_tag","embeddable":true,"href":"https:\/\/santanasolutions.com.br\/marketplace\/wp-json\/wp\/v2\/product_tag?post=2763"}],"curies":[{"name":"wp","href":"https:\/\/api.w.org\/{rel}","templated":true}]}}