{"id":2782,"date":"2018-08-06T14:42:10","date_gmt":"2018-08-06T17:42:10","guid":{"rendered":"http:\/\/santanasolutions.com.br\/marketplace\/?post_type=product&#038;p=2782"},"modified":"2024-07-12T11:20:35","modified_gmt":"2024-07-12T14:20:35","slug":"link-redundante","status":"publish","type":"product","link":"https:\/\/santanasolutions.com.br\/marketplace\/loja\/equipamentos\/servicos\/link-redundante\/","title":{"rendered":"Configura\u00e7\u00e3o de Link Principal \/ Redundante"},"content":{"rendered":"<p>O link redundante, como o nome prop\u00f5e, \u00e9 um segundo link, que fica ocioso e em caso de problemas no link principal e at\u00e9 que os problemas sejam solucionados, o link Redundante passa a ser ativo.<\/p>\n<p>Para obter um link redundante \u00e9 necess\u00e1rio realizar an\u00e1lise do equipamento para verificar se o mesmo suporta duas conex\u00f5es, enviar solicita\u00e7\u00e3o aos Correios, realizar a configura\u00e7\u00e3o a dist\u00e2ncia.<\/p>\n<p>Assessoria na contrata\u00e7\u00e3o do link.<\/p>\n","protected":false},"excerpt":{"rendered":"<p>O link redundante, como o nome prop\u00f5e, \u00e9 um segundo link, que fica ocioso e em caso de problemas no link principal e at\u00e9 que os problemas sejam solucionados, o link Redundante passa a ser ativo. Para obter um link redundante \u00e9 necess\u00e1rio realizar an\u00e1lise do equipamento para verificar se o mesmo suporta duas conex\u00f5es, [&hellip;]<\/p>\n","protected":false},"featured_media":2839,"comment_status":"open","ping_status":"closed","template":"","meta":[],"product_brand":[],"product_cat":[15,26],"product_tag":[],"class_list":{"0":"post-2782","1":"product","2":"type-product","3":"status-publish","4":"has-post-thumbnail","6":"product_cat-geral","7":"product_cat-servicos","8":"product_shipping_class-ss","9":"dc_vendor_shop-vendas1","11":"first","12":"instock","13":"featured","14":"virtual","15":"purchasable","16":"product-type-simple"},"_links":{"self":[{"href":"https:\/\/santanasolutions.com.br\/marketplace\/wp-json\/wp\/v2\/product\/2782","targetHints":{"allow":["GET"]}}],"collection":[{"href":"https:\/\/santanasolutions.com.br\/marketplace\/wp-json\/wp\/v2\/product"}],"about":[{"href":"https:\/\/santanasolutions.com.br\/marketplace\/wp-json\/wp\/v2\/types\/product"}],"replies":[{"embeddable":true,"href":"https:\/\/santanasolutions.com.br\/marketplace\/wp-json\/wp\/v2\/comments?post=2782"}],"wp:featuredmedia":[{"embeddable":true,"href":"https:\/\/santanasolutions.com.br\/marketplace\/wp-json\/wp\/v2\/media\/2839"}],"wp:attachment":[{"href":"https:\/\/santanasolutions.com.br\/marketplace\/wp-json\/wp\/v2\/media?parent=2782"}],"wp:term":[{"taxonomy":"product_brand","embeddable":true,"href":"https:\/\/santanasolutions.com.br\/marketplace\/wp-json\/wp\/v2\/product_brand?post=2782"},{"taxonomy":"product_cat","embeddable":true,"href":"https:\/\/santanasolutions.com.br\/marketplace\/wp-json\/wp\/v2\/product_cat?post=2782"},{"taxonomy":"product_tag","embeddable":true,"href":"https:\/\/santanasolutions.com.br\/marketplace\/wp-json\/wp\/v2\/product_tag?post=2782"}],"curies":[{"name":"wp","href":"https:\/\/api.w.org\/{rel}","templated":true}]}}