{"id":2792,"date":"2018-08-07T16:26:09","date_gmt":"2018-08-07T19:26:09","guid":{"rendered":"http:\/\/santanasolutions.com.br\/marketplace\/loja\/sem%20categoria\/camisa-polo-tradicional\/"},"modified":"2026-03-18T17:41:05","modified_gmt":"2026-03-18T20:41:05","slug":"camisa-polo-tradicional","status":"publish","type":"product","link":"https:\/\/santanasolutions.com.br\/marketplace\/loja\/geral\/camisa-polo-tradicional\/","title":{"rendered":"Kit 6 Camisas P\u00f3lo Tradicional"},"content":{"rendered":"<p>Camisa p\u00f3lo tradicional (produ\u00e7\u00e3o) em malha pique azul marinho.<\/p>\n<p>&nbsp;<\/p>\n<p>25 dias para entrega.<\/p>\n<p>&nbsp;<\/p>\n<p><strong>PRAZO DE FABRICA\u00c7\u00c3O E ENVIO 25 dias \u00fateis.<\/strong><\/p>\n<p>&nbsp;<\/p>\n<p><strong>OBSERVA\u00c7\u00c3O: EXG e EXGG n\u00e3o est\u00e1 incluso<\/strong><\/p>\n","protected":false},"excerpt":{"rendered":"<p>Camisa p\u00f3lo tradicional (produ\u00e7\u00e3o) em malha pique azul marinho.<\/p>\n<p>25 dias para entrega.<\/p>\n","protected":false},"featured_media":3735,"comment_status":"open","ping_status":"closed","template":"","meta":[],"product_brand":[],"product_cat":[239,15],"product_tag":[172],"class_list":{"0":"post-2792","1":"product","2":"type-product","3":"status-publish","4":"has-post-thumbnail","6":"product_cat-uniformes","7":"product_cat-geral","8":"product_tag-polo","9":"product_shipping_class-dare-uniformes","10":"pa_tamanho-gg","11":"pa_tamanho-g","12":"pa_tamanho-m","13":"pa_tamanho-p","14":"dc_vendor_shop-dare-uniformes","16":"first","17":"onbackorder","18":"shipping-taxable","19":"purchasable","20":"product-type-simple"},"_links":{"self":[{"href":"https:\/\/santanasolutions.com.br\/marketplace\/wp-json\/wp\/v2\/product\/2792","targetHints":{"allow":["GET"]}}],"collection":[{"href":"https:\/\/santanasolutions.com.br\/marketplace\/wp-json\/wp\/v2\/product"}],"about":[{"href":"https:\/\/santanasolutions.com.br\/marketplace\/wp-json\/wp\/v2\/types\/product"}],"replies":[{"embeddable":true,"href":"https:\/\/santanasolutions.com.br\/marketplace\/wp-json\/wp\/v2\/comments?post=2792"}],"wp:featuredmedia":[{"embeddable":true,"href":"https:\/\/santanasolutions.com.br\/marketplace\/wp-json\/wp\/v2\/media\/3735"}],"wp:attachment":[{"href":"https:\/\/santanasolutions.com.br\/marketplace\/wp-json\/wp\/v2\/media?parent=2792"}],"wp:term":[{"taxonomy":"product_brand","embeddable":true,"href":"https:\/\/santanasolutions.com.br\/marketplace\/wp-json\/wp\/v2\/product_brand?post=2792"},{"taxonomy":"product_cat","embeddable":true,"href":"https:\/\/santanasolutions.com.br\/marketplace\/wp-json\/wp\/v2\/product_cat?post=2792"},{"taxonomy":"product_tag","embeddable":true,"href":"https:\/\/santanasolutions.com.br\/marketplace\/wp-json\/wp\/v2\/product_tag?post=2792"}],"curies":[{"name":"wp","href":"https:\/\/api.w.org\/{rel}","templated":true}]}}