{"id":2795,"date":"2018-08-07T17:59:13","date_gmt":"2018-08-07T20:59:13","guid":{"rendered":"http:\/\/santanasolutions.com.br\/marketplace\/?post_type=product&#038;p=2795"},"modified":"2021-06-29T17:03:35","modified_gmt":"2021-06-29T20:03:35","slug":"caixa-postal-ccp02","status":"publish","type":"product","link":"https:\/\/santanasolutions.com.br\/marketplace\/loja\/mobiliarios\/caixa-postal-ccp02\/","title":{"rendered":"Caixa Postal &#8211; CCP02"},"content":{"rendered":"<p>O conjunto de caixas postais CCP-02 ERG tem formato retangular e dimens\u00f5es gerais de 810<br \/>\nx 400 x 1860mm (comprimento x profundidade x altura) para distribui\u00e7\u00e3o n\u00e3o convencional de<br \/>\ncorrespond\u00eancias, em ag\u00eancias dos Correios.<br \/>\nConsiste em um equipamento, fabricado em chapa de a\u00e7o, com 48 (quarenta e oito)<br \/>\nescaninhos, sendo 44 (quarenta e quatro) simples e 4 (quatro) duplos, constitu\u00eddo de corpo e<br \/>\nporta frontal dotada de portinholas com fechadura. O corpo dever\u00e1 ser fixo e a porta frontal\u00a0dever\u00e1 fazer um movimento rotacional m\u00ednimo de 90\u00b0 de forma a permitir a distribui\u00e7\u00e3o das<br \/>\ncorrespond\u00eancias no interior dos escaninhos e dever\u00e1 ficar embutida no corpo quando fechada.<\/p>\n","protected":false},"excerpt":{"rendered":"<p>O conjunto de caixas postais CCP-02 ERG tem formato retangular e dimens\u00f5es gerais de 810 x 400 x 1860mm (comprimento x profundidade x altura) para distribui\u00e7\u00e3o n\u00e3o convencional de correspond\u00eancias, em ag\u00eancias dos Correios. Consiste em um equipamento, fabricado em chapa de a\u00e7o, com 48 (quarenta e oito) escaninhos, sendo 44 (quarenta e quatro) simples [&hellip;]<\/p>\n","protected":false},"featured_media":2796,"comment_status":"open","ping_status":"closed","template":"","meta":[],"product_brand":[],"product_cat":[23],"product_tag":[],"class_list":{"0":"post-2795","1":"product","2":"type-product","3":"status-publish","4":"has-post-thumbnail","6":"product_cat-mobiliarios","7":"dc_vendor_shop-vendas-dm","9":"first","10":"onbackorder","11":"shipping-taxable","12":"product-type-simple"},"_links":{"self":[{"href":"https:\/\/santanasolutions.com.br\/marketplace\/wp-json\/wp\/v2\/product\/2795","targetHints":{"allow":["GET"]}}],"collection":[{"href":"https:\/\/santanasolutions.com.br\/marketplace\/wp-json\/wp\/v2\/product"}],"about":[{"href":"https:\/\/santanasolutions.com.br\/marketplace\/wp-json\/wp\/v2\/types\/product"}],"replies":[{"embeddable":true,"href":"https:\/\/santanasolutions.com.br\/marketplace\/wp-json\/wp\/v2\/comments?post=2795"}],"wp:featuredmedia":[{"embeddable":true,"href":"https:\/\/santanasolutions.com.br\/marketplace\/wp-json\/wp\/v2\/media\/2796"}],"wp:attachment":[{"href":"https:\/\/santanasolutions.com.br\/marketplace\/wp-json\/wp\/v2\/media?parent=2795"}],"wp:term":[{"taxonomy":"product_brand","embeddable":true,"href":"https:\/\/santanasolutions.com.br\/marketplace\/wp-json\/wp\/v2\/product_brand?post=2795"},{"taxonomy":"product_cat","embeddable":true,"href":"https:\/\/santanasolutions.com.br\/marketplace\/wp-json\/wp\/v2\/product_cat?post=2795"},{"taxonomy":"product_tag","embeddable":true,"href":"https:\/\/santanasolutions.com.br\/marketplace\/wp-json\/wp\/v2\/product_tag?post=2795"}],"curies":[{"name":"wp","href":"https:\/\/api.w.org\/{rel}","templated":true}]}}