{"id":2834,"date":"2018-08-10T10:50:44","date_gmt":"2018-08-10T13:50:44","guid":{"rendered":"http:\/\/santanasolutions.com.br\/marketplace\/?post_type=product&#038;p=2834"},"modified":"2021-06-29T16:41:19","modified_gmt":"2021-06-29T19:41:19","slug":"pinp-01-painel-de-informacoes-para-agencias","status":"publish","type":"product","link":"https:\/\/santanasolutions.com.br\/marketplace\/loja\/mobiliarios\/pinp-01-painel-de-informacoes-para-agencias\/","title":{"rendered":"Pinp 01 &#8211; Painel de Informa\u00e7\u00f5es Para Ag\u00eancias"},"content":{"rendered":"<p>O painel de informa\u00e7\u00f5es de parede possui dimens\u00f5es gerais de 1.05m x 1.05m (comprimento<br \/>\nx altura) e dever\u00e1 ser fixado na parede. \u00c9 composto de painel principal, acabamentos<br \/>\nsuperior e inferior, elementos para fixa\u00e7\u00e3o, chapa de acr\u00edlico e acess\u00f3rios magn\u00e9ticos, todos<br \/>\nconforme os desenhos anexos.<\/p>\n","protected":false},"excerpt":{"rendered":"<p>O painel de informa\u00e7\u00f5es de parede possui dimens\u00f5es gerais de 1.05m x 1.05m (comprimento x altura) e dever\u00e1 ser fixado na parede. \u00c9 composto de painel principal, acabamentos superior e inferior, elementos para fixa\u00e7\u00e3o, chapa de acr\u00edlico e acess\u00f3rios magn\u00e9ticos, todos conforme os desenhos anexos.<\/p>\n","protected":false},"featured_media":2835,"comment_status":"open","ping_status":"closed","template":"","meta":[],"product_brand":[],"product_cat":[23],"product_tag":[],"class_list":{"0":"post-2834","1":"product","2":"type-product","3":"status-publish","4":"has-post-thumbnail","6":"product_cat-mobiliarios","7":"dc_vendor_shop-vendas-dm","9":"first","10":"onbackorder","11":"shipping-taxable","12":"product-type-simple"},"_links":{"self":[{"href":"https:\/\/santanasolutions.com.br\/marketplace\/wp-json\/wp\/v2\/product\/2834","targetHints":{"allow":["GET"]}}],"collection":[{"href":"https:\/\/santanasolutions.com.br\/marketplace\/wp-json\/wp\/v2\/product"}],"about":[{"href":"https:\/\/santanasolutions.com.br\/marketplace\/wp-json\/wp\/v2\/types\/product"}],"replies":[{"embeddable":true,"href":"https:\/\/santanasolutions.com.br\/marketplace\/wp-json\/wp\/v2\/comments?post=2834"}],"wp:featuredmedia":[{"embeddable":true,"href":"https:\/\/santanasolutions.com.br\/marketplace\/wp-json\/wp\/v2\/media\/2835"}],"wp:attachment":[{"href":"https:\/\/santanasolutions.com.br\/marketplace\/wp-json\/wp\/v2\/media?parent=2834"}],"wp:term":[{"taxonomy":"product_brand","embeddable":true,"href":"https:\/\/santanasolutions.com.br\/marketplace\/wp-json\/wp\/v2\/product_brand?post=2834"},{"taxonomy":"product_cat","embeddable":true,"href":"https:\/\/santanasolutions.com.br\/marketplace\/wp-json\/wp\/v2\/product_cat?post=2834"},{"taxonomy":"product_tag","embeddable":true,"href":"https:\/\/santanasolutions.com.br\/marketplace\/wp-json\/wp\/v2\/product_tag?post=2834"}],"curies":[{"name":"wp","href":"https:\/\/api.w.org\/{rel}","templated":true}]}}