{"id":2842,"date":"2018-08-13T12:56:14","date_gmt":"2018-08-13T15:56:14","guid":{"rendered":"http:\/\/santanasolutions.com.br\/marketplace\/?post_type=product&#038;p=2842"},"modified":"2026-03-27T09:56:04","modified_gmt":"2026-03-27T12:56:04","slug":"simbolo-sia-guiche","status":"publish","type":"product","link":"https:\/\/santanasolutions.com.br\/marketplace\/loja\/comunicacao-visual\/adesivos\/simbolo-sia-guiche\/","title":{"rendered":"Simbolo SIA Guich\u00ea &#8211; 8&#215;8"},"content":{"rendered":"<p>O adesivo s\u00edmbolo SIA atende as normas da NBR 9050 de acessibilidade e ainda possuem uma excelente resist\u00eancia e fixa\u00e7\u00e3o.<br \/>\nMedida 8&#215;8<\/p>\n","protected":false},"excerpt":{"rendered":"<p>O adesivo s\u00edmbolo SIA atende as normas da NBR 9050 de acessibilidade e ainda possuem uma excelente resist\u00eancia e fixa\u00e7\u00e3o. Medida 8&#215;8<\/p>\n","protected":false},"featured_media":3181,"comment_status":"open","ping_status":"closed","template":"","meta":[],"product_brand":[],"product_cat":[69,54],"product_tag":[370],"class_list":{"0":"post-2842","1":"product","2":"type-product","3":"status-publish","4":"has-post-thumbnail","6":"product_cat-acessibilidade","7":"product_cat-adesivos","8":"product_tag-sappp","9":"product_shipping_class-ss","10":"dc_vendor_shop-vendas1","12":"first","13":"onbackorder","14":"featured","15":"shipping-taxable","16":"purchasable","17":"product-type-simple"},"_links":{"self":[{"href":"https:\/\/santanasolutions.com.br\/marketplace\/wp-json\/wp\/v2\/product\/2842","targetHints":{"allow":["GET"]}}],"collection":[{"href":"https:\/\/santanasolutions.com.br\/marketplace\/wp-json\/wp\/v2\/product"}],"about":[{"href":"https:\/\/santanasolutions.com.br\/marketplace\/wp-json\/wp\/v2\/types\/product"}],"replies":[{"embeddable":true,"href":"https:\/\/santanasolutions.com.br\/marketplace\/wp-json\/wp\/v2\/comments?post=2842"}],"wp:featuredmedia":[{"embeddable":true,"href":"https:\/\/santanasolutions.com.br\/marketplace\/wp-json\/wp\/v2\/media\/3181"}],"wp:attachment":[{"href":"https:\/\/santanasolutions.com.br\/marketplace\/wp-json\/wp\/v2\/media?parent=2842"}],"wp:term":[{"taxonomy":"product_brand","embeddable":true,"href":"https:\/\/santanasolutions.com.br\/marketplace\/wp-json\/wp\/v2\/product_brand?post=2842"},{"taxonomy":"product_cat","embeddable":true,"href":"https:\/\/santanasolutions.com.br\/marketplace\/wp-json\/wp\/v2\/product_cat?post=2842"},{"taxonomy":"product_tag","embeddable":true,"href":"https:\/\/santanasolutions.com.br\/marketplace\/wp-json\/wp\/v2\/product_tag?post=2842"}],"curies":[{"name":"wp","href":"https:\/\/api.w.org\/{rel}","templated":true}]}}