{"id":2844,"date":"2018-08-13T13:40:30","date_gmt":"2018-08-13T16:40:30","guid":{"rendered":"http:\/\/santanasolutions.com.br\/marketplace\/?post_type=product&#038;p=2844"},"modified":"2026-01-15T12:29:21","modified_gmt":"2026-01-15T15:29:21","slug":"adesivo-portico-horario-de-funcionamento-agf","status":"publish","type":"product","link":"https:\/\/santanasolutions.com.br\/marketplace\/loja\/comunicacao-visual\/adesivos\/adesivo-portico-horario-de-funcionamento-agf\/","title":{"rendered":"Adesivo P\u00f3rtico &#8211; Hor\u00e1rio de Funcionamento AGF"},"content":{"rendered":"<p>Adesivo para P\u00f3rtico com identifica\u00e7\u00e3o de nome e hor\u00e1rio de funcionamento da AGF.<\/p>\n","protected":false},"excerpt":{"rendered":"<p>Adesivo para P\u00f3rtico com identifica\u00e7\u00e3o de nome e hor\u00e1rio de funcionamento da AGF.<\/p>\n","protected":false},"featured_media":2845,"comment_status":"open","ping_status":"closed","template":"","meta":[],"product_brand":[],"product_cat":[134,54],"product_tag":[],"class_list":{"0":"post-2844","1":"product","2":"type-product","3":"status-publish","4":"has-post-thumbnail","6":"product_cat-comunicacao-visual","7":"product_cat-adesivos","8":"product_shipping_class-ss","9":"dc_vendor_shop-vendas1","11":"first","12":"onbackorder","13":"shipping-taxable","14":"purchasable","15":"product-type-simple"},"_links":{"self":[{"href":"https:\/\/santanasolutions.com.br\/marketplace\/wp-json\/wp\/v2\/product\/2844","targetHints":{"allow":["GET"]}}],"collection":[{"href":"https:\/\/santanasolutions.com.br\/marketplace\/wp-json\/wp\/v2\/product"}],"about":[{"href":"https:\/\/santanasolutions.com.br\/marketplace\/wp-json\/wp\/v2\/types\/product"}],"replies":[{"embeddable":true,"href":"https:\/\/santanasolutions.com.br\/marketplace\/wp-json\/wp\/v2\/comments?post=2844"}],"wp:featuredmedia":[{"embeddable":true,"href":"https:\/\/santanasolutions.com.br\/marketplace\/wp-json\/wp\/v2\/media\/2845"}],"wp:attachment":[{"href":"https:\/\/santanasolutions.com.br\/marketplace\/wp-json\/wp\/v2\/media?parent=2844"}],"wp:term":[{"taxonomy":"product_brand","embeddable":true,"href":"https:\/\/santanasolutions.com.br\/marketplace\/wp-json\/wp\/v2\/product_brand?post=2844"},{"taxonomy":"product_cat","embeddable":true,"href":"https:\/\/santanasolutions.com.br\/marketplace\/wp-json\/wp\/v2\/product_cat?post=2844"},{"taxonomy":"product_tag","embeddable":true,"href":"https:\/\/santanasolutions.com.br\/marketplace\/wp-json\/wp\/v2\/product_tag?post=2844"}],"curies":[{"name":"wp","href":"https:\/\/api.w.org\/{rel}","templated":true}]}}