{"id":2847,"date":"2018-08-13T14:15:05","date_gmt":"2018-08-13T17:15:05","guid":{"rendered":"http:\/\/santanasolutions.com.br\/marketplace\/?post_type=product&#038;p=2847"},"modified":"2020-11-20T11:04:44","modified_gmt":"2020-11-20T14:04:44","slug":"longarina-3-lugares","status":"publish","type":"product","link":"https:\/\/santanasolutions.com.br\/marketplace\/loja\/mobiliarios\/longarina-3-lugares\/","title":{"rendered":"Longarina 3 lugares"},"content":{"rendered":"<p>Longarina para Correios<\/p>\n<p><strong>Prazo de fabrica\u00e7\u00e3o e entrega estimado: 30 dias<\/strong><\/p>\n<p>&nbsp;<\/p>\n<p>Para or\u00e7amento de longarina com mais lugares, entre em contato conosco.<\/p>\n","protected":false},"excerpt":{"rendered":"<p>Longarina para Correios Prazo de fabrica\u00e7\u00e3o e entrega estimado: 30 dias &nbsp; Para or\u00e7amento de longarina com mais lugares, entre em contato conosco.<\/p>\n","protected":false},"featured_media":2848,"comment_status":"open","ping_status":"closed","template":"","meta":[],"product_brand":[],"product_cat":[23],"product_tag":[],"class_list":{"0":"post-2847","1":"product","2":"type-product","3":"status-publish","4":"has-post-thumbnail","6":"product_cat-mobiliarios","7":"dc_vendor_shop-licitacoesgold","9":"first","10":"instock","11":"shipping-taxable","12":"product-type-simple"},"_links":{"self":[{"href":"https:\/\/santanasolutions.com.br\/marketplace\/wp-json\/wp\/v2\/product\/2847","targetHints":{"allow":["GET"]}}],"collection":[{"href":"https:\/\/santanasolutions.com.br\/marketplace\/wp-json\/wp\/v2\/product"}],"about":[{"href":"https:\/\/santanasolutions.com.br\/marketplace\/wp-json\/wp\/v2\/types\/product"}],"replies":[{"embeddable":true,"href":"https:\/\/santanasolutions.com.br\/marketplace\/wp-json\/wp\/v2\/comments?post=2847"}],"wp:featuredmedia":[{"embeddable":true,"href":"https:\/\/santanasolutions.com.br\/marketplace\/wp-json\/wp\/v2\/media\/2848"}],"wp:attachment":[{"href":"https:\/\/santanasolutions.com.br\/marketplace\/wp-json\/wp\/v2\/media?parent=2847"}],"wp:term":[{"taxonomy":"product_brand","embeddable":true,"href":"https:\/\/santanasolutions.com.br\/marketplace\/wp-json\/wp\/v2\/product_brand?post=2847"},{"taxonomy":"product_cat","embeddable":true,"href":"https:\/\/santanasolutions.com.br\/marketplace\/wp-json\/wp\/v2\/product_cat?post=2847"},{"taxonomy":"product_tag","embeddable":true,"href":"https:\/\/santanasolutions.com.br\/marketplace\/wp-json\/wp\/v2\/product_tag?post=2847"}],"curies":[{"name":"wp","href":"https:\/\/api.w.org\/{rel}","templated":true}]}}