{"id":3126,"date":"2019-03-08T10:55:35","date_gmt":"2019-03-08T13:55:35","guid":{"rendered":"http:\/\/santanasolutions.com.br\/marketplace\/?post_type=product&#038;p=3126"},"modified":"2026-03-27T09:56:38","modified_gmt":"2026-03-27T12:56:38","slug":"simbolo-sia-guiche-10x10","status":"publish","type":"product","link":"https:\/\/santanasolutions.com.br\/marketplace\/loja\/comunicacao-visual\/adesivos\/simbolo-sia-guiche-10x10\/","title":{"rendered":"Simbolo SIA Guich\u00ea &#8211; 10&#215;10"},"content":{"rendered":"<p>Nosso adesivo s\u00edmbolo SIA atende as normas da NBR 9050 de acessibilidade e ainda possuem uma excelente resist\u00eancia e fixa\u00e7\u00e3o.<\/p>\n","protected":false},"excerpt":{"rendered":"<p>Nosso adesivo s\u00edmbolo SIA atende as normas da NBR 9050 de acessibilidade e ainda possuem uma excelente resist\u00eancia e fixa\u00e7\u00e3o.<\/p>\n","protected":false},"featured_media":3180,"comment_status":"open","ping_status":"closed","template":"","meta":[],"product_brand":[],"product_cat":[69,54],"product_tag":[],"class_list":{"0":"post-3126","1":"product","2":"type-product","3":"status-publish","4":"has-post-thumbnail","6":"product_cat-acessibilidade","7":"product_cat-adesivos","8":"product_shipping_class-ss","9":"dc_vendor_shop-vendas1","11":"first","12":"instock","13":"shipping-taxable","14":"purchasable","15":"product-type-simple"},"_links":{"self":[{"href":"https:\/\/santanasolutions.com.br\/marketplace\/wp-json\/wp\/v2\/product\/3126","targetHints":{"allow":["GET"]}}],"collection":[{"href":"https:\/\/santanasolutions.com.br\/marketplace\/wp-json\/wp\/v2\/product"}],"about":[{"href":"https:\/\/santanasolutions.com.br\/marketplace\/wp-json\/wp\/v2\/types\/product"}],"replies":[{"embeddable":true,"href":"https:\/\/santanasolutions.com.br\/marketplace\/wp-json\/wp\/v2\/comments?post=3126"}],"wp:featuredmedia":[{"embeddable":true,"href":"https:\/\/santanasolutions.com.br\/marketplace\/wp-json\/wp\/v2\/media\/3180"}],"wp:attachment":[{"href":"https:\/\/santanasolutions.com.br\/marketplace\/wp-json\/wp\/v2\/media?parent=3126"}],"wp:term":[{"taxonomy":"product_brand","embeddable":true,"href":"https:\/\/santanasolutions.com.br\/marketplace\/wp-json\/wp\/v2\/product_brand?post=3126"},{"taxonomy":"product_cat","embeddable":true,"href":"https:\/\/santanasolutions.com.br\/marketplace\/wp-json\/wp\/v2\/product_cat?post=3126"},{"taxonomy":"product_tag","embeddable":true,"href":"https:\/\/santanasolutions.com.br\/marketplace\/wp-json\/wp\/v2\/product_tag?post=3126"}],"curies":[{"name":"wp","href":"https:\/\/api.w.org\/{rel}","templated":true}]}}