{"id":3144,"date":"2019-03-12T10:39:49","date_gmt":"2019-03-12T13:39:49","guid":{"rendered":"http:\/\/santanasolutions.com.br\/marketplace\/?post_type=product&#038;p=3144"},"modified":"2024-04-30T12:00:27","modified_gmt":"2024-04-30T15:00:27","slug":"capa-para-identificacao-do-assento-prioritario","status":"publish","type":"product","link":"https:\/\/santanasolutions.com.br\/marketplace\/loja\/suprimentos\/capa-para-identificacao-do-assento-prioritario\/","title":{"rendered":"CAPA PARA IDENTIFICA\u00c7\u00c3O DE LONGARINA &#8211; Kit 4 unidades"},"content":{"rendered":"<p><strong>KIT COM 04 UNIDADES<\/strong>&#8211; CAPA PARA IDENTIFICA\u00c7\u00c3O DE LONGARINA COM A INCLUS\u00c3O DO ESPECTRO DO AUTISMO, produzidas em pe\u00e7a \u00fanica em BAGUM OU COURVIN ( DISPONIVEL EM ESTOQUE|) 1,00 mm, na cor azul, com a tonalidade azul com revestimento interno; El\u00e1sticos duplos nas laterais com 5 cm x 5 cm (L x C), aproximadamente, costuradas ligando a frente ao verso; Impress\u00e3o em ambos os lados, em silk, na cor amarelo PANTONE 7549 \u2013 PRAZO DE PRODU\u00c7\u00c3O ATE 25 DIAS<\/p>\n","protected":false},"excerpt":{"rendered":"<p>KIT COM 04 UNIDADES&#8211; CAPA PARA IDENTIFICA\u00c7\u00c3O DE LONGARINA COM A INCLUS\u00c3O DO ESPECTRO DO AUTISMO, produzidas em pe\u00e7a \u00fanica em BAGUM OU COURVIN ( DISPONIVEL EM ESTOQUE|) 1,00 mm, na cor azul, com a tonalidade azul com revestimento interno; El\u00e1sticos duplos nas laterais com 5 cm x 5 cm (L x C), aproximadamente, costuradas [&hellip;]<\/p>\n","protected":false},"featured_media":4965,"comment_status":"open","ping_status":"closed","template":"","meta":[],"product_brand":[],"product_cat":[24],"product_tag":[265,266],"class_list":{"0":"post-3144","1":"product","2":"type-product","3":"status-publish","4":"has-post-thumbnail","6":"product_cat-suprimentos","7":"product_tag-capa-de-assento","8":"product_tag-capa-para-longarina","9":"product_shipping_class-raquel-61","10":"dc_vendor_shop-raquel","12":"first","13":"instock","14":"shipping-taxable","15":"purchasable","16":"product-type-simple"},"_links":{"self":[{"href":"https:\/\/santanasolutions.com.br\/marketplace\/wp-json\/wp\/v2\/product\/3144","targetHints":{"allow":["GET"]}}],"collection":[{"href":"https:\/\/santanasolutions.com.br\/marketplace\/wp-json\/wp\/v2\/product"}],"about":[{"href":"https:\/\/santanasolutions.com.br\/marketplace\/wp-json\/wp\/v2\/types\/product"}],"replies":[{"embeddable":true,"href":"https:\/\/santanasolutions.com.br\/marketplace\/wp-json\/wp\/v2\/comments?post=3144"}],"wp:featuredmedia":[{"embeddable":true,"href":"https:\/\/santanasolutions.com.br\/marketplace\/wp-json\/wp\/v2\/media\/4965"}],"wp:attachment":[{"href":"https:\/\/santanasolutions.com.br\/marketplace\/wp-json\/wp\/v2\/media?parent=3144"}],"wp:term":[{"taxonomy":"product_brand","embeddable":true,"href":"https:\/\/santanasolutions.com.br\/marketplace\/wp-json\/wp\/v2\/product_brand?post=3144"},{"taxonomy":"product_cat","embeddable":true,"href":"https:\/\/santanasolutions.com.br\/marketplace\/wp-json\/wp\/v2\/product_cat?post=3144"},{"taxonomy":"product_tag","embeddable":true,"href":"https:\/\/santanasolutions.com.br\/marketplace\/wp-json\/wp\/v2\/product_tag?post=3144"}],"curies":[{"name":"wp","href":"https:\/\/api.w.org\/{rel}","templated":true}]}}