{"id":3148,"date":"2019-03-12T12:52:26","date_gmt":"2019-03-12T15:52:26","guid":{"rendered":"http:\/\/santanasolutions.com.br\/marketplace\/loja\/sem%20categoria\/malotes-tp-correios-em-lona-60x40x15\/"},"modified":"2024-07-04T15:50:14","modified_gmt":"2024-07-04T18:50:14","slug":"malotes-tp-correios-em-lona-60x40x15","status":"publish","type":"product","link":"https:\/\/santanasolutions.com.br\/marketplace\/loja\/suprimentos\/malotes\/malotes-tp-correios-em-lona-60x40x15\/","title":{"rendered":"MALOTE TP CORREIOS EM LONA 60X40X15"},"content":{"rendered":"<p>Malote tipo Correio, em Lona 100% algod\u00e3o, medindo 60x40x15cm, al\u00e7a dupla, visor de identifica\u00e7\u00e3o, cinta de couro, argolas met\u00e1licas, ilh\u00f3s para coloca\u00e7\u00e3o de lacres ou cadeados.<br \/>\nCor : AZUL, VERDE, VERMELHO, PRETO, AMARELO CAQUI<br \/>\nQuantidade m\u00ednima: 4 unidades<br \/>\n*CONSULTAR A DISPONIBILIDADE DE COR DISPON\u00cdVEL EM ESTOQUE<br \/>\n**PRAZO DE PRODU\u00c7\u00c3O EM UMA S\u00d3 COR, AT\u00c9 20 DIAS<\/p>\n","protected":false},"excerpt":{"rendered":"<p><img loading=\"lazy\" decoding=\"async\" class=\"alignnone size-medium wp-image-3147\" src=\"http:\/\/santanasolutions.com.br\/marketplace\/wp-content\/uploads\/2019\/03\/50x35x15-azul-169x300.jpg\" alt=\"\" width=\"169\" height=\"300\" srcset=\"https:\/\/santanasolutions.com.br\/marketplace\/wp-content\/uploads\/2019\/03\/50x35x15-azul-169x300.jpg 169w, https:\/\/santanasolutions.com.br\/marketplace\/wp-content\/uploads\/2019\/03\/50x35x15-azul-64x114.jpg 64w, https:\/\/santanasolutions.com.br\/marketplace\/wp-content\/uploads\/2019\/03\/50x35x15-azul.jpg 368w\" sizes=\"auto, (max-width: 169px) 100vw, 169px\" \/><\/p>\n","protected":false},"featured_media":3147,"comment_status":"open","ping_status":"closed","template":"","meta":[],"product_brand":[],"product_cat":[327,24],"product_tag":[264,262,263],"class_list":{"0":"post-3148","1":"product","2":"type-product","3":"status-publish","4":"has-post-thumbnail","6":"product_cat-malotes","7":"product_cat-suprimentos","8":"product_tag-bolsas","9":"product_tag-malotes","10":"product_tag-sacas","11":"product_shipping_class-raquel-61","12":"dc_vendor_shop-raquel","14":"first","15":"onbackorder","16":"shipping-taxable","17":"purchasable","18":"product-type-simple"},"_links":{"self":[{"href":"https:\/\/santanasolutions.com.br\/marketplace\/wp-json\/wp\/v2\/product\/3148","targetHints":{"allow":["GET"]}}],"collection":[{"href":"https:\/\/santanasolutions.com.br\/marketplace\/wp-json\/wp\/v2\/product"}],"about":[{"href":"https:\/\/santanasolutions.com.br\/marketplace\/wp-json\/wp\/v2\/types\/product"}],"replies":[{"embeddable":true,"href":"https:\/\/santanasolutions.com.br\/marketplace\/wp-json\/wp\/v2\/comments?post=3148"}],"wp:featuredmedia":[{"embeddable":true,"href":"https:\/\/santanasolutions.com.br\/marketplace\/wp-json\/wp\/v2\/media\/3147"}],"wp:attachment":[{"href":"https:\/\/santanasolutions.com.br\/marketplace\/wp-json\/wp\/v2\/media?parent=3148"}],"wp:term":[{"taxonomy":"product_brand","embeddable":true,"href":"https:\/\/santanasolutions.com.br\/marketplace\/wp-json\/wp\/v2\/product_brand?post=3148"},{"taxonomy":"product_cat","embeddable":true,"href":"https:\/\/santanasolutions.com.br\/marketplace\/wp-json\/wp\/v2\/product_cat?post=3148"},{"taxonomy":"product_tag","embeddable":true,"href":"https:\/\/santanasolutions.com.br\/marketplace\/wp-json\/wp\/v2\/product_tag?post=3148"}],"curies":[{"name":"wp","href":"https:\/\/api.w.org\/{rel}","templated":true}]}}