{"id":3150,"date":"2019-03-12T14:07:52","date_gmt":"2019-03-12T17:07:52","guid":{"rendered":"http:\/\/santanasolutions.com.br\/marketplace\/?post_type=product&#038;p=3150"},"modified":"2022-09-13T15:50:21","modified_gmt":"2022-09-13T18:50:21","slug":"malote-tp-correios-em-lona-50x35x15","status":"publish","type":"product","link":"https:\/\/santanasolutions.com.br\/marketplace\/loja\/suprimentos\/malotes\/malote-tp-correios-em-lona-50x35x15\/","title":{"rendered":"MALOTE TP CORREIOS EM LONA 50X35X15"},"content":{"rendered":"<p>Malote tipo Correio, em Lona 100% algod\u00e3o, medindo 50x35x15cm, al\u00e7a dupla, visor de identifica\u00e7\u00e3o, cinta de couro, argolas met\u00e1licas, ilh\u00f3s para coloca\u00e7\u00e3o de lacres ou cadeados.<br \/>\nCor : AZUL, VERDE, VERMELHO, PRETO, AMARELO CAQUI<br \/>\nQuantidade m\u00ednima: 4 unidades<br \/>\n*CONSULTAR A DISPONIBILIDADE DE COR E QUANTIDADE EM ESTOQUE DISPON\u00cdVEL EM ESTOQUE: 4 UNIDADES ( VERDE)<br \/>\n**PRAZO DE PRODU\u00c7\u00c3O EM UMA S\u00d3 COR, AT\u00c9 25 DIAS UTEIS<\/p>\n","protected":false},"excerpt":{"rendered":"<p><img loading=\"lazy\" decoding=\"async\" class=\"alignnone size-medium wp-image-3149\" src=\"http:\/\/santanasolutions.com.br\/marketplace\/wp-content\/uploads\/2019\/03\/DSC02677-225x300.jpg\" alt=\"\" width=\"225\" height=\"300\" srcset=\"https:\/\/santanasolutions.com.br\/marketplace\/wp-content\/uploads\/2019\/03\/DSC02677-225x300.jpg 225w, https:\/\/santanasolutions.com.br\/marketplace\/wp-content\/uploads\/2019\/03\/DSC02677-64x85.jpg 64w, https:\/\/santanasolutions.com.br\/marketplace\/wp-content\/uploads\/2019\/03\/DSC02677.jpg 368w\" sizes=\"auto, (max-width: 225px) 100vw, 225px\" \/><\/p>\n","protected":false},"featured_media":3149,"comment_status":"open","ping_status":"closed","template":"","meta":[],"product_brand":[],"product_cat":[327,24],"product_tag":[267,263],"class_list":{"0":"post-3150","1":"product","2":"type-product","3":"status-publish","4":"has-post-thumbnail","6":"product_cat-malotes","7":"product_cat-suprimentos","8":"product_tag-malotes-correios","9":"product_tag-sacas","10":"product_shipping_class-raquel-61","11":"dc_vendor_shop-raquel","13":"first","14":"onbackorder","15":"shipping-taxable","16":"purchasable","17":"product-type-simple"},"_links":{"self":[{"href":"https:\/\/santanasolutions.com.br\/marketplace\/wp-json\/wp\/v2\/product\/3150","targetHints":{"allow":["GET"]}}],"collection":[{"href":"https:\/\/santanasolutions.com.br\/marketplace\/wp-json\/wp\/v2\/product"}],"about":[{"href":"https:\/\/santanasolutions.com.br\/marketplace\/wp-json\/wp\/v2\/types\/product"}],"replies":[{"embeddable":true,"href":"https:\/\/santanasolutions.com.br\/marketplace\/wp-json\/wp\/v2\/comments?post=3150"}],"wp:featuredmedia":[{"embeddable":true,"href":"https:\/\/santanasolutions.com.br\/marketplace\/wp-json\/wp\/v2\/media\/3149"}],"wp:attachment":[{"href":"https:\/\/santanasolutions.com.br\/marketplace\/wp-json\/wp\/v2\/media?parent=3150"}],"wp:term":[{"taxonomy":"product_brand","embeddable":true,"href":"https:\/\/santanasolutions.com.br\/marketplace\/wp-json\/wp\/v2\/product_brand?post=3150"},{"taxonomy":"product_cat","embeddable":true,"href":"https:\/\/santanasolutions.com.br\/marketplace\/wp-json\/wp\/v2\/product_cat?post=3150"},{"taxonomy":"product_tag","embeddable":true,"href":"https:\/\/santanasolutions.com.br\/marketplace\/wp-json\/wp\/v2\/product_tag?post=3150"}],"curies":[{"name":"wp","href":"https:\/\/api.w.org\/{rel}","templated":true}]}}