{"id":3156,"date":"2019-03-12T14:24:11","date_gmt":"2019-03-12T17:24:11","guid":{"rendered":"http:\/\/santanasolutions.com.br\/marketplace\/loja\/sem%20categoria\/malote-tp-correios-em-lona-30x25x8\/"},"modified":"2021-08-18T14:49:25","modified_gmt":"2021-08-18T17:49:25","slug":"malote-tp-correios-em-lona-30x25x8","status":"publish","type":"product","link":"https:\/\/santanasolutions.com.br\/marketplace\/loja\/suprimentos\/malotes\/malote-tp-correios-em-lona-30x25x8\/","title":{"rendered":"MALOTE TP CORREIOS EM LONA 30X25X8"},"content":{"rendered":"<p>Malote tipo Correio, em Lona 100% algod\u00e3o, medindo 30x25x08cm, al\u00e7a dupla, visor de identifica\u00e7\u00e3o, cinta de couro, argolas met\u00e1licas, ilh\u00f3s para coloca\u00e7\u00e3o de lacres ou cadeados.<br \/>\nCor : AZUL, VERDE, VERMELHO, PRETO, AMARELO CAQUI<br \/>\n Quantidade m\u00ednima: 4 unidades<br \/>\n*CONSULTAR A DISPONIBILIDADE DE COR DISPON\u00cdVEL EM ESTOQUE<br \/>\n**PRAZO DE PRODU\u00c7\u00c3O EM UMA S\u00d3 COR, AT\u00c9 15 DIAS<\/p>\n","protected":false},"excerpt":{"rendered":"<p><img loading=\"lazy\" decoding=\"async\" src=\"http:\/\/santanasolutions.com.br\/marketplace\/wp-content\/uploads\/2019\/03\/Malote-Correio-30x25x8-ref-09-225x300.jpg\" alt=\"\" width=\"225\" height=\"300\" class=\"alignnone size-medium wp-image-3154\" srcset=\"https:\/\/santanasolutions.com.br\/marketplace\/wp-content\/uploads\/2019\/03\/Malote-Correio-30x25x8-ref-09-225x300.jpg 225w, https:\/\/santanasolutions.com.br\/marketplace\/wp-content\/uploads\/2019\/03\/Malote-Correio-30x25x8-ref-09-64x85.jpg 64w, https:\/\/santanasolutions.com.br\/marketplace\/wp-content\/uploads\/2019\/03\/Malote-Correio-30x25x8-ref-09.jpg 375w\" sizes=\"auto, (max-width: 225px) 100vw, 225px\" \/><\/p>\n<p><img loading=\"lazy\" decoding=\"async\" src=\"http:\/\/santanasolutions.com.br\/marketplace\/wp-content\/uploads\/2019\/03\/20140701_160606-300x225.jpg\" alt=\"\" width=\"300\" height=\"225\" class=\"alignnone size-medium wp-image-3155\" srcset=\"https:\/\/santanasolutions.com.br\/marketplace\/wp-content\/uploads\/2019\/03\/20140701_160606-300x225.jpg 300w, https:\/\/santanasolutions.com.br\/marketplace\/wp-content\/uploads\/2019\/03\/20140701_160606-416x312.jpg 416w, https:\/\/santanasolutions.com.br\/marketplace\/wp-content\/uploads\/2019\/03\/20140701_160606-64x48.jpg 64w, https:\/\/santanasolutions.com.br\/marketplace\/wp-content\/uploads\/2019\/03\/20140701_160606-768x576.jpg 768w, https:\/\/santanasolutions.com.br\/marketplace\/wp-content\/uploads\/2019\/03\/20140701_160606.jpg 896w\" sizes=\"auto, (max-width: 300px) 100vw, 300px\" \/><\/p>\n","protected":false},"featured_media":3154,"comment_status":"open","ping_status":"closed","template":"","meta":[],"product_brand":[],"product_cat":[327,24],"product_tag":[268,263],"class_list":{"0":"post-3156","1":"product","2":"type-product","3":"status-publish","4":"has-post-thumbnail","6":"product_cat-malotes","7":"product_cat-suprimentos","8":"product_tag-malotes-tipo-correios","9":"product_tag-sacas","10":"product_shipping_class-raquel-61","11":"dc_vendor_shop-raquel","13":"first","14":"instock","15":"shipping-taxable","16":"purchasable","17":"product-type-simple"},"_links":{"self":[{"href":"https:\/\/santanasolutions.com.br\/marketplace\/wp-json\/wp\/v2\/product\/3156","targetHints":{"allow":["GET"]}}],"collection":[{"href":"https:\/\/santanasolutions.com.br\/marketplace\/wp-json\/wp\/v2\/product"}],"about":[{"href":"https:\/\/santanasolutions.com.br\/marketplace\/wp-json\/wp\/v2\/types\/product"}],"replies":[{"embeddable":true,"href":"https:\/\/santanasolutions.com.br\/marketplace\/wp-json\/wp\/v2\/comments?post=3156"}],"wp:featuredmedia":[{"embeddable":true,"href":"https:\/\/santanasolutions.com.br\/marketplace\/wp-json\/wp\/v2\/media\/3154"}],"wp:attachment":[{"href":"https:\/\/santanasolutions.com.br\/marketplace\/wp-json\/wp\/v2\/media?parent=3156"}],"wp:term":[{"taxonomy":"product_brand","embeddable":true,"href":"https:\/\/santanasolutions.com.br\/marketplace\/wp-json\/wp\/v2\/product_brand?post=3156"},{"taxonomy":"product_cat","embeddable":true,"href":"https:\/\/santanasolutions.com.br\/marketplace\/wp-json\/wp\/v2\/product_cat?post=3156"},{"taxonomy":"product_tag","embeddable":true,"href":"https:\/\/santanasolutions.com.br\/marketplace\/wp-json\/wp\/v2\/product_tag?post=3156"}],"curies":[{"name":"wp","href":"https:\/\/api.w.org\/{rel}","templated":true}]}}