{"id":3163,"date":"2019-03-12T14:46:19","date_gmt":"2019-03-12T17:46:19","guid":{"rendered":"http:\/\/santanasolutions.com.br\/marketplace\/loja\/sem%20categoria\/malote-tp-correios-30x25x8\/"},"modified":"2021-04-13T14:30:12","modified_gmt":"2021-04-13T17:30:12","slug":"malote-tp-correios-30x25x8","status":"publish","type":"product","link":"https:\/\/santanasolutions.com.br\/marketplace\/loja\/suprimentos\/malotes\/malote-tp-correios-30x25x8\/","title":{"rendered":"MALOTE TP CORREIOS 25X20X8"},"content":{"rendered":"<p>Malote tipo Correio, em Lona 100% algod\u00e3o, medindo 25X20X8cm, al\u00e7a dupla, visor de identifica\u00e7\u00e3o, cinta de couro, argolas met\u00e1licas, ilh\u00f3s para coloca\u00e7\u00e3o de lacres ou cadeados.<br \/>\nCor : AZUL, VERDE, VERMELHO, PRETO, AMARELO CAQUI<br \/>\n Quantidade m\u00ednima: 4 unidades<br \/>\n*CONSULTAR A DISPONIBILIDADE DE COR DISPON\u00cdVEL EM ESTOQUE<br \/>\n**PRAZO DE PRODU\u00c7\u00c3O EM UMA S\u00d3 COR, AT\u00c9 15 DIAS<\/p>\n","protected":false},"excerpt":{"rendered":"<p><img loading=\"lazy\" decoding=\"async\" src=\"http:\/\/santanasolutions.com.br\/marketplace\/wp-content\/uploads\/2019\/03\/20161209_132043-1-e1552411961349-169x300.jpg\" alt=\"\" width=\"169\" height=\"300\" class=\"alignnone size-medium wp-image-3159\" srcset=\"https:\/\/santanasolutions.com.br\/marketplace\/wp-content\/uploads\/2019\/03\/20161209_132043-1-e1552411961349-169x300.jpg 169w, https:\/\/santanasolutions.com.br\/marketplace\/wp-content\/uploads\/2019\/03\/20161209_132043-1-e1552411961349-416x740.jpg 416w, https:\/\/santanasolutions.com.br\/marketplace\/wp-content\/uploads\/2019\/03\/20161209_132043-1-e1552411961349-64x114.jpg 64w, https:\/\/santanasolutions.com.br\/marketplace\/wp-content\/uploads\/2019\/03\/20161209_132043-1-e1552411961349-768x1365.jpg 768w, https:\/\/santanasolutions.com.br\/marketplace\/wp-content\/uploads\/2019\/03\/20161209_132043-1-e1552411961349-576x1024.jpg 576w, https:\/\/santanasolutions.com.br\/marketplace\/wp-content\/uploads\/2019\/03\/20161209_132043-1-e1552411961349.jpg 1152w\" sizes=\"auto, (max-width: 169px) 100vw, 169px\" \/><\/p>\n","protected":false},"featured_media":3159,"comment_status":"open","ping_status":"closed","template":"","meta":[],"product_brand":[],"product_cat":[327,24],"product_tag":[269,268,263],"class_list":{"0":"post-3163","1":"product","2":"type-product","3":"status-publish","4":"has-post-thumbnail","6":"product_cat-malotes","7":"product_cat-suprimentos","8":"product_tag-malotes-sangria","9":"product_tag-malotes-tipo-correios","10":"product_tag-sacas","11":"product_shipping_class-raquel-61","12":"dc_vendor_shop-raquel","14":"first","15":"instock","16":"shipping-taxable","17":"purchasable","18":"product-type-simple"},"_links":{"self":[{"href":"https:\/\/santanasolutions.com.br\/marketplace\/wp-json\/wp\/v2\/product\/3163","targetHints":{"allow":["GET"]}}],"collection":[{"href":"https:\/\/santanasolutions.com.br\/marketplace\/wp-json\/wp\/v2\/product"}],"about":[{"href":"https:\/\/santanasolutions.com.br\/marketplace\/wp-json\/wp\/v2\/types\/product"}],"replies":[{"embeddable":true,"href":"https:\/\/santanasolutions.com.br\/marketplace\/wp-json\/wp\/v2\/comments?post=3163"}],"wp:featuredmedia":[{"embeddable":true,"href":"https:\/\/santanasolutions.com.br\/marketplace\/wp-json\/wp\/v2\/media\/3159"}],"wp:attachment":[{"href":"https:\/\/santanasolutions.com.br\/marketplace\/wp-json\/wp\/v2\/media?parent=3163"}],"wp:term":[{"taxonomy":"product_brand","embeddable":true,"href":"https:\/\/santanasolutions.com.br\/marketplace\/wp-json\/wp\/v2\/product_brand?post=3163"},{"taxonomy":"product_cat","embeddable":true,"href":"https:\/\/santanasolutions.com.br\/marketplace\/wp-json\/wp\/v2\/product_cat?post=3163"},{"taxonomy":"product_tag","embeddable":true,"href":"https:\/\/santanasolutions.com.br\/marketplace\/wp-json\/wp\/v2\/product_tag?post=3163"}],"curies":[{"name":"wp","href":"https:\/\/api.w.org\/{rel}","templated":true}]}}