{"id":3170,"date":"2019-03-12T17:04:17","date_gmt":"2019-03-12T20:04:17","guid":{"rendered":"http:\/\/santanasolutions.com.br\/marketplace\/loja\/sem%20categoria\/malote-pasta-cristal-e-nylon-40x35x8\/"},"modified":"2020-12-17T10:13:17","modified_gmt":"2020-12-17T13:13:17","slug":"malote-pasta-cristal-e-nylon-40x35x8","status":"publish","type":"product","link":"https:\/\/santanasolutions.com.br\/marketplace\/loja\/suprimentos\/malotes\/malote-pasta-cristal-e-nylon-40x35x8\/","title":{"rendered":"MALOTE PASTA CRISTAL E NYLON 40X35x8"},"content":{"rendered":"<p>Malote Pasta, frente em cristal e Nylon ( na cor A DEFINIR) na parte de tr\u00e1s e com a personaliza\u00e7\u00e3o em uma s\u00f3 cor, medindo 40cm alt x 35cm larg x 8cm fundo, z\u00edper grosso, com al\u00e7a, refor\u00e7o lateral, para utiliza\u00e7\u00e3o de lacres ou cadeados.<br \/>\nPedido m\u00ednimo 50 unidades<br \/>\n*Prazo de Produ\u00e7\u00e3o at\u00e9 25 dias.<br \/>\n**Cliente dever\u00e1 fornecer o logotipo na extens\u00e3o Corel <\/p>\n","protected":false},"excerpt":{"rendered":"<p><img loading=\"lazy\" decoding=\"async\" src=\"http:\/\/santanasolutions.com.br\/marketplace\/wp-content\/uploads\/2019\/03\/AGF-Cidade-Alta-Layout-300x150.jpg\" alt=\"\" width=\"300\" height=\"150\" class=\"alignnone size-medium wp-image-3169\" srcset=\"https:\/\/santanasolutions.com.br\/marketplace\/wp-content\/uploads\/2019\/03\/AGF-Cidade-Alta-Layout-300x150.jpg 300w, https:\/\/santanasolutions.com.br\/marketplace\/wp-content\/uploads\/2019\/03\/AGF-Cidade-Alta-Layout-416x207.jpg 416w, https:\/\/santanasolutions.com.br\/marketplace\/wp-content\/uploads\/2019\/03\/AGF-Cidade-Alta-Layout-64x32.jpg 64w, https:\/\/santanasolutions.com.br\/marketplace\/wp-content\/uploads\/2019\/03\/AGF-Cidade-Alta-Layout-768x383.jpg 768w, https:\/\/santanasolutions.com.br\/marketplace\/wp-content\/uploads\/2019\/03\/AGF-Cidade-Alta-Layout-1024x511.jpg 1024w, https:\/\/santanasolutions.com.br\/marketplace\/wp-content\/uploads\/2019\/03\/AGF-Cidade-Alta-Layout.jpg 1061w\" sizes=\"auto, (max-width: 300px) 100vw, 300px\" \/><\/p>\n","protected":false},"featured_media":3169,"comment_status":"open","ping_status":"closed","template":"","meta":[],"product_brand":[],"product_cat":[327,24],"product_tag":[275,274],"class_list":{"0":"post-3170","1":"product","2":"type-product","3":"status-publish","4":"has-post-thumbnail","6":"product_cat-malotes","7":"product_cat-suprimentos","8":"product_tag-malote-pasta-com-alca","9":"product_tag-malotes-para-documentos","10":"product_shipping_class-raquel-61","11":"dc_vendor_shop-raquel","13":"first","14":"onbackorder","15":"shipping-taxable","16":"purchasable","17":"product-type-simple"},"_links":{"self":[{"href":"https:\/\/santanasolutions.com.br\/marketplace\/wp-json\/wp\/v2\/product\/3170","targetHints":{"allow":["GET"]}}],"collection":[{"href":"https:\/\/santanasolutions.com.br\/marketplace\/wp-json\/wp\/v2\/product"}],"about":[{"href":"https:\/\/santanasolutions.com.br\/marketplace\/wp-json\/wp\/v2\/types\/product"}],"replies":[{"embeddable":true,"href":"https:\/\/santanasolutions.com.br\/marketplace\/wp-json\/wp\/v2\/comments?post=3170"}],"wp:featuredmedia":[{"embeddable":true,"href":"https:\/\/santanasolutions.com.br\/marketplace\/wp-json\/wp\/v2\/media\/3169"}],"wp:attachment":[{"href":"https:\/\/santanasolutions.com.br\/marketplace\/wp-json\/wp\/v2\/media?parent=3170"}],"wp:term":[{"taxonomy":"product_brand","embeddable":true,"href":"https:\/\/santanasolutions.com.br\/marketplace\/wp-json\/wp\/v2\/product_brand?post=3170"},{"taxonomy":"product_cat","embeddable":true,"href":"https:\/\/santanasolutions.com.br\/marketplace\/wp-json\/wp\/v2\/product_cat?post=3170"},{"taxonomy":"product_tag","embeddable":true,"href":"https:\/\/santanasolutions.com.br\/marketplace\/wp-json\/wp\/v2\/product_tag?post=3170"}],"curies":[{"name":"wp","href":"https:\/\/api.w.org\/{rel}","templated":true}]}}