{"id":3172,"date":"2019-03-12T17:27:10","date_gmt":"2019-03-12T20:27:10","guid":{"rendered":"http:\/\/santanasolutions.com.br\/marketplace\/?post_type=product&#038;p=3172"},"modified":"2024-03-13T09:46:23","modified_gmt":"2024-03-13T12:46:23","slug":"malote-tp-correios-em-lona-70x50x25","status":"publish","type":"product","link":"https:\/\/santanasolutions.com.br\/marketplace\/loja\/suprimentos\/malotes\/malote-tp-correios-em-lona-70x50x25\/","title":{"rendered":"MALOTE TP CORREIOS EM LONA 70x50x25"},"content":{"rendered":"<p>Malote tipo Correio, em Lona 100% algod\u00e3o, medindo 70X50X25cm, al\u00e7a dupla, visor de identifica\u00e7\u00e3o, cinta de couro, argolas met\u00e1licas, ilh\u00f3s para coloca\u00e7\u00e3o de lacres ou cadeados.<br \/>\nCor : AZUL, VERDE, VERMELHO, PRETO, AMARELO CAQUI<br \/>\nQuantidade m\u00ednima: 4 unidades<br \/>\n*CONSULTAR A DISPONIBILIDADE DE COR DISPON\u00cdVEL EM ESTOQUE<br \/>\n**PRAZO DE PRODU\u00c7\u00c3O EM UMA S\u00d3 COR, AT\u00c9 15 DIAS<\/p>\n","protected":false},"excerpt":{"rendered":"<p><img loading=\"lazy\" decoding=\"async\" class=\"alignnone size-medium wp-image-3171\" src=\"http:\/\/santanasolutions.com.br\/marketplace\/wp-content\/uploads\/2019\/03\/malote-70x50-preto-225x300.jpg\" alt=\"\" width=\"225\" height=\"300\" srcset=\"https:\/\/santanasolutions.com.br\/marketplace\/wp-content\/uploads\/2019\/03\/malote-70x50-preto-225x300.jpg 225w, https:\/\/santanasolutions.com.br\/marketplace\/wp-content\/uploads\/2019\/03\/malote-70x50-preto-416x555.jpg 416w, https:\/\/santanasolutions.com.br\/marketplace\/wp-content\/uploads\/2019\/03\/malote-70x50-preto-64x85.jpg 64w, https:\/\/santanasolutions.com.br\/marketplace\/wp-content\/uploads\/2019\/03\/malote-70x50-preto-768x1024.jpg 768w, https:\/\/santanasolutions.com.br\/marketplace\/wp-content\/uploads\/2019\/03\/malote-70x50-preto.jpg 1536w\" sizes=\"auto, (max-width: 225px) 100vw, 225px\" \/><\/p>\n","protected":false},"featured_media":3171,"comment_status":"open","ping_status":"closed","template":"","meta":[],"product_brand":[],"product_cat":[327,24],"product_tag":[267,263],"class_list":{"0":"post-3172","1":"product","2":"type-product","3":"status-publish","4":"has-post-thumbnail","6":"product_cat-malotes","7":"product_cat-suprimentos","8":"product_tag-malotes-correios","9":"product_tag-sacas","10":"product_shipping_class-raquel-61","11":"dc_vendor_shop-raquel","13":"first","14":"onbackorder","15":"shipping-taxable","16":"purchasable","17":"product-type-simple"},"_links":{"self":[{"href":"https:\/\/santanasolutions.com.br\/marketplace\/wp-json\/wp\/v2\/product\/3172","targetHints":{"allow":["GET"]}}],"collection":[{"href":"https:\/\/santanasolutions.com.br\/marketplace\/wp-json\/wp\/v2\/product"}],"about":[{"href":"https:\/\/santanasolutions.com.br\/marketplace\/wp-json\/wp\/v2\/types\/product"}],"replies":[{"embeddable":true,"href":"https:\/\/santanasolutions.com.br\/marketplace\/wp-json\/wp\/v2\/comments?post=3172"}],"wp:featuredmedia":[{"embeddable":true,"href":"https:\/\/santanasolutions.com.br\/marketplace\/wp-json\/wp\/v2\/media\/3171"}],"wp:attachment":[{"href":"https:\/\/santanasolutions.com.br\/marketplace\/wp-json\/wp\/v2\/media?parent=3172"}],"wp:term":[{"taxonomy":"product_brand","embeddable":true,"href":"https:\/\/santanasolutions.com.br\/marketplace\/wp-json\/wp\/v2\/product_brand?post=3172"},{"taxonomy":"product_cat","embeddable":true,"href":"https:\/\/santanasolutions.com.br\/marketplace\/wp-json\/wp\/v2\/product_cat?post=3172"},{"taxonomy":"product_tag","embeddable":true,"href":"https:\/\/santanasolutions.com.br\/marketplace\/wp-json\/wp\/v2\/product_tag?post=3172"}],"curies":[{"name":"wp","href":"https:\/\/api.w.org\/{rel}","templated":true}]}}