{"id":3250,"date":"2019-04-29T14:24:42","date_gmt":"2019-04-29T17:24:42","guid":{"rendered":"https:\/\/santanasolutions.com.br\/marketplace\/?post_type=product&#038;p=3250"},"modified":"2026-01-15T12:39:24","modified_gmt":"2026-01-15T15:39:24","slug":"desktop-terminal-sara","status":"publish","type":"product","link":"https:\/\/santanasolutions.com.br\/marketplace\/loja\/equipamentos\/desktop-terminal-sara\/","title":{"rendered":"Computador para Rede Terminal SARA &#8211; SEMI NOVO"},"content":{"rendered":"<p>O Desktop &#8211; Terminal SARA serve para implanta\u00e7\u00e3o de novo Guich\u00ea de Expedi\u00e7\u00e3o, Retaguarda, Guich\u00ea Adicional, assim como para substituir equipamentos possam ter apresentado algum problema.<\/p>\n<p>I5<\/p>\n<p>4gb<\/p>\n<p>240 ssd<\/p>\n","protected":false},"excerpt":{"rendered":"<p>O Desktop &#8211; Terminal SARA serve para implanta\u00e7\u00e3o de novo Guich\u00ea de Expedi\u00e7\u00e3o, Retaguarda, Guich\u00ea Adicional, assim como para substituir equipamentos possam ter apresentado algum problema. I5 4gb 240 ssd<\/p>\n","protected":false},"featured_media":4589,"comment_status":"open","ping_status":"closed","template":"","meta":[],"product_brand":[],"product_cat":[25],"product_tag":[],"class_list":{"0":"post-3250","1":"product","2":"type-product","3":"status-publish","4":"has-post-thumbnail","6":"product_cat-equipamentos","7":"product_shipping_class-ss","8":"dc_vendor_shop-vendas1","10":"first","11":"onbackorder","12":"shipping-taxable","13":"product-type-simple"},"_links":{"self":[{"href":"https:\/\/santanasolutions.com.br\/marketplace\/wp-json\/wp\/v2\/product\/3250","targetHints":{"allow":["GET"]}}],"collection":[{"href":"https:\/\/santanasolutions.com.br\/marketplace\/wp-json\/wp\/v2\/product"}],"about":[{"href":"https:\/\/santanasolutions.com.br\/marketplace\/wp-json\/wp\/v2\/types\/product"}],"replies":[{"embeddable":true,"href":"https:\/\/santanasolutions.com.br\/marketplace\/wp-json\/wp\/v2\/comments?post=3250"}],"wp:featuredmedia":[{"embeddable":true,"href":"https:\/\/santanasolutions.com.br\/marketplace\/wp-json\/wp\/v2\/media\/4589"}],"wp:attachment":[{"href":"https:\/\/santanasolutions.com.br\/marketplace\/wp-json\/wp\/v2\/media?parent=3250"}],"wp:term":[{"taxonomy":"product_brand","embeddable":true,"href":"https:\/\/santanasolutions.com.br\/marketplace\/wp-json\/wp\/v2\/product_brand?post=3250"},{"taxonomy":"product_cat","embeddable":true,"href":"https:\/\/santanasolutions.com.br\/marketplace\/wp-json\/wp\/v2\/product_cat?post=3250"},{"taxonomy":"product_tag","embeddable":true,"href":"https:\/\/santanasolutions.com.br\/marketplace\/wp-json\/wp\/v2\/product_tag?post=3250"}],"curies":[{"name":"wp","href":"https:\/\/api.w.org\/{rel}","templated":true}]}}