{"id":3288,"date":"2019-05-31T15:54:11","date_gmt":"2019-05-31T18:54:11","guid":{"rendered":"https:\/\/santanasolutions.com.br\/marketplace\/?post_type=product&#038;p=3288"},"modified":"2020-03-26T12:46:35","modified_gmt":"2020-03-26T15:46:35","slug":"cordao-para-cracha-personalizado","status":"publish","type":"product","link":"https:\/\/santanasolutions.com.br\/marketplace\/loja\/geral\/cordao-para-cracha-personalizado\/","title":{"rendered":"Cord\u00e3o para Crach\u00e1 Personalizado"},"content":{"rendered":"<p>Cord\u00e3o para Crach\u00e1s personalizados, Padr\u00e3o Correios.<\/p>\n<p>Valor Unidade<\/p>\n","protected":false},"excerpt":{"rendered":"<p>Cord\u00e3o para Crach\u00e1s personalizados, Padr\u00e3o Correios.<\/p>\n<p>Valor Unidade<\/p>\n","protected":false},"featured_media":2884,"comment_status":"open","ping_status":"closed","template":"","meta":[],"product_brand":[],"product_cat":[15],"product_tag":[285,189,190],"class_list":{"0":"post-3288","1":"product","2":"type-product","3":"status-publish","4":"has-post-thumbnail","6":"product_cat-geral","7":"product_tag-cordoes","8":"product_tag-cracha","9":"product_tag-crachas","10":"product_shipping_class-virtuab","11":"dc_vendor_shop-eduardo-santos","13":"first","14":"instock","15":"shipping-taxable","16":"purchasable","17":"product-type-simple"},"_links":{"self":[{"href":"https:\/\/santanasolutions.com.br\/marketplace\/wp-json\/wp\/v2\/product\/3288","targetHints":{"allow":["GET"]}}],"collection":[{"href":"https:\/\/santanasolutions.com.br\/marketplace\/wp-json\/wp\/v2\/product"}],"about":[{"href":"https:\/\/santanasolutions.com.br\/marketplace\/wp-json\/wp\/v2\/types\/product"}],"replies":[{"embeddable":true,"href":"https:\/\/santanasolutions.com.br\/marketplace\/wp-json\/wp\/v2\/comments?post=3288"}],"wp:featuredmedia":[{"embeddable":true,"href":"https:\/\/santanasolutions.com.br\/marketplace\/wp-json\/wp\/v2\/media\/2884"}],"wp:attachment":[{"href":"https:\/\/santanasolutions.com.br\/marketplace\/wp-json\/wp\/v2\/media?parent=3288"}],"wp:term":[{"taxonomy":"product_brand","embeddable":true,"href":"https:\/\/santanasolutions.com.br\/marketplace\/wp-json\/wp\/v2\/product_brand?post=3288"},{"taxonomy":"product_cat","embeddable":true,"href":"https:\/\/santanasolutions.com.br\/marketplace\/wp-json\/wp\/v2\/product_cat?post=3288"},{"taxonomy":"product_tag","embeddable":true,"href":"https:\/\/santanasolutions.com.br\/marketplace\/wp-json\/wp\/v2\/product_tag?post=3288"}],"curies":[{"name":"wp","href":"https:\/\/api.w.org\/{rel}","templated":true}]}}