{"id":3317,"date":"2019-06-10T21:23:30","date_gmt":"2019-06-11T00:23:30","guid":{"rendered":"https:\/\/santanasolutions.com.br\/marketplace\/?post_type=product&#038;p=3317"},"modified":"2023-02-22T16:16:46","modified_gmt":"2023-02-22T19:16:46","slug":"armario-alto-simples-als-01","status":"publish","type":"product","link":"https:\/\/santanasolutions.com.br\/marketplace\/loja\/geral\/armario-alto-simples-als-01\/","title":{"rendered":"Arm\u00e1rio Alto Simples &#8211; ALS 01"},"content":{"rendered":"<p><strong>Descri\u00e7\u00e3o Geral: <\/strong>o arm\u00e1rio alto simples consiste em bloco com tampo superior, tampo inferior, tampo posterior, laterais, duas portas com puxadores externos, fechos internos e fechadura com chave. Possui apoios para regulagem de desnivel de piso 3 (tr\u00eas) preteleiras internas regul\u00e1veis.<\/p>\n<p>&nbsp;<\/p>\n","protected":false},"excerpt":{"rendered":"<p>Descri\u00e7\u00e3o Geral: o arm\u00e1rio alto simples consiste em bloco com tampo superior, tampo inferior, tampo posterior, laterais, duas portas com puxadores externos, fechos internos e fechadura com chave. Possui apoios para regulagem de desnivel de piso 3 (tr\u00eas) preteleiras internas regul\u00e1veis. &nbsp;<\/p>\n","protected":false},"featured_media":3318,"comment_status":"open","ping_status":"closed","template":"","meta":[],"product_brand":[],"product_cat":[15,23],"product_tag":[],"class_list":{"0":"post-3317","1":"product","2":"type-product","3":"status-publish","4":"has-post-thumbnail","6":"product_cat-geral","7":"product_cat-mobiliarios","9":"first","10":"onbackorder","11":"shipping-taxable","12":"product-type-simple"},"_links":{"self":[{"href":"https:\/\/santanasolutions.com.br\/marketplace\/wp-json\/wp\/v2\/product\/3317","targetHints":{"allow":["GET"]}}],"collection":[{"href":"https:\/\/santanasolutions.com.br\/marketplace\/wp-json\/wp\/v2\/product"}],"about":[{"href":"https:\/\/santanasolutions.com.br\/marketplace\/wp-json\/wp\/v2\/types\/product"}],"replies":[{"embeddable":true,"href":"https:\/\/santanasolutions.com.br\/marketplace\/wp-json\/wp\/v2\/comments?post=3317"}],"wp:featuredmedia":[{"embeddable":true,"href":"https:\/\/santanasolutions.com.br\/marketplace\/wp-json\/wp\/v2\/media\/3318"}],"wp:attachment":[{"href":"https:\/\/santanasolutions.com.br\/marketplace\/wp-json\/wp\/v2\/media?parent=3317"}],"wp:term":[{"taxonomy":"product_brand","embeddable":true,"href":"https:\/\/santanasolutions.com.br\/marketplace\/wp-json\/wp\/v2\/product_brand?post=3317"},{"taxonomy":"product_cat","embeddable":true,"href":"https:\/\/santanasolutions.com.br\/marketplace\/wp-json\/wp\/v2\/product_cat?post=3317"},{"taxonomy":"product_tag","embeddable":true,"href":"https:\/\/santanasolutions.com.br\/marketplace\/wp-json\/wp\/v2\/product_tag?post=3317"}],"curies":[{"name":"wp","href":"https:\/\/api.w.org\/{rel}","templated":true}]}}