{"id":3356,"date":"2019-06-18T15:47:49","date_gmt":"2019-06-18T18:47:49","guid":{"rendered":"https:\/\/santanasolutions.com.br\/marketplace\/?post_type=product&#038;p=3356"},"modified":"2026-01-15T12:28:18","modified_gmt":"2026-01-15T15:28:18","slug":"placa-identificacao-de-parede-reduzida","status":"publish","type":"product","link":"https:\/\/santanasolutions.com.br\/marketplace\/loja\/geral\/placa-identificacao-de-parede-reduzida\/","title":{"rendered":"Placa Identifica\u00e7\u00e3o de Parede &#8211; Reduzida"},"content":{"rendered":"<p>Placa para aplica\u00e7\u00e3o em \u00e1rea externa da ag\u00eancia.<\/p>\n<p>Medida 40&#215;20<\/p>\n<p>Material Pl\u00e1stico Resiliente<\/p>\n","protected":false},"excerpt":{"rendered":"<p>Placa para aplica\u00e7\u00e3o em \u00e1rea externa da ag\u00eancia. Medida 40&#215;20 Material Pl\u00e1stico Resiliente<\/p>\n","protected":false},"featured_media":2845,"comment_status":"open","ping_status":"closed","template":"","meta":[],"product_brand":[],"product_cat":[15,134],"product_tag":[],"class_list":{"0":"post-3356","1":"product","2":"type-product","3":"status-publish","4":"has-post-thumbnail","6":"product_cat-geral","7":"product_cat-comunicacao-visual","8":"product_shipping_class-carta","9":"dc_vendor_shop-vendas1","11":"first","12":"instock","13":"shipping-taxable","14":"purchasable","15":"product-type-simple"},"_links":{"self":[{"href":"https:\/\/santanasolutions.com.br\/marketplace\/wp-json\/wp\/v2\/product\/3356","targetHints":{"allow":["GET"]}}],"collection":[{"href":"https:\/\/santanasolutions.com.br\/marketplace\/wp-json\/wp\/v2\/product"}],"about":[{"href":"https:\/\/santanasolutions.com.br\/marketplace\/wp-json\/wp\/v2\/types\/product"}],"replies":[{"embeddable":true,"href":"https:\/\/santanasolutions.com.br\/marketplace\/wp-json\/wp\/v2\/comments?post=3356"}],"wp:featuredmedia":[{"embeddable":true,"href":"https:\/\/santanasolutions.com.br\/marketplace\/wp-json\/wp\/v2\/media\/2845"}],"wp:attachment":[{"href":"https:\/\/santanasolutions.com.br\/marketplace\/wp-json\/wp\/v2\/media?parent=3356"}],"wp:term":[{"taxonomy":"product_brand","embeddable":true,"href":"https:\/\/santanasolutions.com.br\/marketplace\/wp-json\/wp\/v2\/product_brand?post=3356"},{"taxonomy":"product_cat","embeddable":true,"href":"https:\/\/santanasolutions.com.br\/marketplace\/wp-json\/wp\/v2\/product_cat?post=3356"},{"taxonomy":"product_tag","embeddable":true,"href":"https:\/\/santanasolutions.com.br\/marketplace\/wp-json\/wp\/v2\/product_tag?post=3356"}],"curies":[{"name":"wp","href":"https:\/\/api.w.org\/{rel}","templated":true}]}}