{"id":3592,"date":"2019-11-04T13:02:48","date_gmt":"2019-11-04T16:02:48","guid":{"rendered":"https:\/\/santanasolutions.com.br\/marketplace\/?post_type=product&#038;p=3592"},"modified":"2026-01-15T12:21:13","modified_gmt":"2026-01-15T15:21:13","slug":"bobina-termica-57x40","status":"publish","type":"product","link":"https:\/\/santanasolutions.com.br\/marketplace\/loja\/suprimentos\/bobina-termica-57x40\/","title":{"rendered":"Bobina T\u00e9rmica 57&#215;40 (cx 30 und)"},"content":{"rendered":"<h2>Descri\u00e7\u00e3o<\/h2>\n<p>Bobina t\u00e9rmica na cor amarela.<\/p>\n<p>Com dimens\u00f5es de 57mm de largura (5,7 cm) e 40 metros de comprimento. Tamb\u00e9m conhecida como 56mm x 40 metros (56\u00d740) e\/ou 58mm x 40 metros (58\u00d740).<\/p>\n<p>Ideal para uso em\u00a0m\u00e1quinas de senha, PDV de com\u00e9rcio em geral, calculadoras, REP (Rel\u00f3gio Eletr\u00f4nico de Ponto), etc.<\/p>\n","protected":false},"excerpt":{"rendered":"<h2>Descri\u00e7\u00e3o<\/h2>\n<p>Bobina t\u00e9rmica na cor amarela.<\/p>\n<p>Com dimens\u00f5es de 57mm de largura (5,7 cm) e 40 metros de comprimento. Tamb\u00e9m conhecida como 56mm x 40 metros (56\u00d740) e\/ou 58mm x 40 metros (58\u00d740).<\/p>\n<p>Ideal para uso em\u00a0m\u00e1quinas de senha, PDV de com\u00e9rcio em geral, calculadoras, REP (Rel\u00f3gio Eletr\u00f4nico de Ponto), etc.<\/p>\n","protected":false},"featured_media":3593,"comment_status":"open","ping_status":"closed","template":"","meta":[],"product_brand":[],"product_cat":[24],"product_tag":[],"class_list":{"0":"post-3592","1":"product","2":"type-product","3":"status-publish","4":"has-post-thumbnail","6":"product_cat-suprimentos","7":"product_shipping_class-turnomatic-102","8":"dc_vendor_shop-turnomatic","10":"first","11":"instock","12":"shipping-taxable","13":"purchasable","14":"product-type-simple"},"_links":{"self":[{"href":"https:\/\/santanasolutions.com.br\/marketplace\/wp-json\/wp\/v2\/product\/3592","targetHints":{"allow":["GET"]}}],"collection":[{"href":"https:\/\/santanasolutions.com.br\/marketplace\/wp-json\/wp\/v2\/product"}],"about":[{"href":"https:\/\/santanasolutions.com.br\/marketplace\/wp-json\/wp\/v2\/types\/product"}],"replies":[{"embeddable":true,"href":"https:\/\/santanasolutions.com.br\/marketplace\/wp-json\/wp\/v2\/comments?post=3592"}],"wp:featuredmedia":[{"embeddable":true,"href":"https:\/\/santanasolutions.com.br\/marketplace\/wp-json\/wp\/v2\/media\/3593"}],"wp:attachment":[{"href":"https:\/\/santanasolutions.com.br\/marketplace\/wp-json\/wp\/v2\/media?parent=3592"}],"wp:term":[{"taxonomy":"product_brand","embeddable":true,"href":"https:\/\/santanasolutions.com.br\/marketplace\/wp-json\/wp\/v2\/product_brand?post=3592"},{"taxonomy":"product_cat","embeddable":true,"href":"https:\/\/santanasolutions.com.br\/marketplace\/wp-json\/wp\/v2\/product_cat?post=3592"},{"taxonomy":"product_tag","embeddable":true,"href":"https:\/\/santanasolutions.com.br\/marketplace\/wp-json\/wp\/v2\/product_tag?post=3592"}],"curies":[{"name":"wp","href":"https:\/\/api.w.org\/{rel}","templated":true}]}}