{"id":3594,"date":"2019-11-04T13:05:50","date_gmt":"2019-11-04T16:05:50","guid":{"rendered":"https:\/\/santanasolutions.com.br\/marketplace\/?post_type=product&#038;p=3594"},"modified":"2026-01-15T12:15:32","modified_gmt":"2026-01-15T15:15:32","slug":"bobina-termica-80x40","status":"publish","type":"product","link":"https:\/\/santanasolutions.com.br\/marketplace\/loja\/suprimentos\/bobina-termica-80x40\/","title":{"rendered":"Bobina T\u00e9rmica 80&#215;40 (cx 30 und)"},"content":{"rendered":"<p>Descri\u00e7\u00e3o<\/p>\n<p>Bobina t\u00e9rmica 80&#215;40 para impressoras de Cupom N\u00e3o-Fiscal. Possui largura de 80mm e comprimento de 40 metros. Produzidas em papel t\u00e9rmico amarelo de 56 g\/m\u00b2 com capacidade de preservar a impress\u00e3o por 5 anos*.<\/p>\n<h2>Aplica\u00e7\u00f5es<\/h2>\n<ul>\n<li>Cupom n\u00e3o-fiscal<\/li>\n<li>Emiss\u00e3o de recibos e comprovantes (cinema, ped\u00e1gio, companhias a\u00e9reas)<\/li>\n<li>Emiss\u00e3o de pedidos e or\u00e7amentos<\/li>\n<li>Impressora de cozinha em opera\u00e7\u00f5es com comanda eletr\u00f4nica\u00a0em restaurantes, bares, clubes, hot\u00e9is, cozinhas industriais, lanchonetes.<\/li>\n<li>Tickets e Ingressos<\/li>\n<li>Senhas para pain\u00e9is eletr\u00f4nicos<\/li>\n<\/ul>\n<h2>Papel T\u00e9rmico<\/h2>\n<p>T\u00e9rmico ou termossens\u00edvel \u00e9 o papel que recebe um revestimento qu\u00edmico em sua superf\u00edcie que o torna sens\u00edvel \/ reativo \u00e0 presen\u00e7a de uma fonte de calor. A imagem \u00e9 obtida atrav\u00e9s de rea\u00e7\u00e3o qu\u00edmica entre o corante leuco e o revelador, na presen\u00e7a de calor.<\/p>\n","protected":false},"excerpt":{"rendered":"<p>Descri\u00e7\u00e3o<\/p>\n<p>Bobina t\u00e9rmica 80&#215;40 para impressoras de Cupom N\u00e3o-Fiscal. Possui largura de 80mm e comprimento de 40 metros. Produzidas em papel t\u00e9rmico amarelo de 56 g\/m\u00b2 com capacidade de preservar a impress\u00e3o por 5 anos*.<\/p>\n<h2>Aplica\u00e7\u00f5es<\/h2>\n<ul>\n<li>Cupom n\u00e3o-fiscal<\/li>\n<li>Emiss\u00e3o de recibos e comprovantes (cinema, ped\u00e1gio, companhias a\u00e9reas)<\/li>\n<li>Emiss\u00e3o de pedidos e or\u00e7amentos<\/li>\n<li>Impressora de cozinha em opera\u00e7\u00f5es com comanda eletr\u00f4nica\u00a0em restaurantes, bares, clubes, hot\u00e9is, cozinhas industriais, lanchonetes.<\/li>\n<li>Tickets e Ingressos<\/li>\n<li>Senhas para pain\u00e9is eletr\u00f4nicos<\/li>\n<\/ul>\n<h2>Papel T\u00e9rmico<\/h2>\n<p>T\u00e9rmico ou termossens\u00edvel \u00e9 o papel que recebe um revestimento qu\u00edmico em sua superf\u00edcie que o torna sens\u00edvel \/ reativo \u00e0 presen\u00e7a de uma fonte de calor. A imagem \u00e9 obtida atrav\u00e9s de rea\u00e7\u00e3o qu\u00edmica entre o corante leuco e o revelador, na presen\u00e7a de calor.<\/p>\n","protected":false},"featured_media":3595,"comment_status":"open","ping_status":"closed","template":"","meta":[],"product_brand":[],"product_cat":[24],"product_tag":[],"class_list":{"0":"post-3594","1":"product","2":"type-product","3":"status-publish","4":"has-post-thumbnail","6":"product_cat-suprimentos","7":"product_shipping_class-turnomatic-102","8":"dc_vendor_shop-turnomatic","10":"first","11":"instock","12":"shipping-taxable","13":"purchasable","14":"product-type-simple"},"_links":{"self":[{"href":"https:\/\/santanasolutions.com.br\/marketplace\/wp-json\/wp\/v2\/product\/3594","targetHints":{"allow":["GET"]}}],"collection":[{"href":"https:\/\/santanasolutions.com.br\/marketplace\/wp-json\/wp\/v2\/product"}],"about":[{"href":"https:\/\/santanasolutions.com.br\/marketplace\/wp-json\/wp\/v2\/types\/product"}],"replies":[{"embeddable":true,"href":"https:\/\/santanasolutions.com.br\/marketplace\/wp-json\/wp\/v2\/comments?post=3594"}],"wp:featuredmedia":[{"embeddable":true,"href":"https:\/\/santanasolutions.com.br\/marketplace\/wp-json\/wp\/v2\/media\/3595"}],"wp:attachment":[{"href":"https:\/\/santanasolutions.com.br\/marketplace\/wp-json\/wp\/v2\/media?parent=3594"}],"wp:term":[{"taxonomy":"product_brand","embeddable":true,"href":"https:\/\/santanasolutions.com.br\/marketplace\/wp-json\/wp\/v2\/product_brand?post=3594"},{"taxonomy":"product_cat","embeddable":true,"href":"https:\/\/santanasolutions.com.br\/marketplace\/wp-json\/wp\/v2\/product_cat?post=3594"},{"taxonomy":"product_tag","embeddable":true,"href":"https:\/\/santanasolutions.com.br\/marketplace\/wp-json\/wp\/v2\/product_tag?post=3594"}],"curies":[{"name":"wp","href":"https:\/\/api.w.org\/{rel}","templated":true}]}}