{"id":3606,"date":"2019-11-04T13:43:49","date_gmt":"2019-11-04T16:43:49","guid":{"rendered":"https:\/\/santanasolutions.com.br\/marketplace\/?post_type=product&#038;p=3606"},"modified":"2021-01-21T15:28:24","modified_gmt":"2021-01-21T18:28:24","slug":"3606","status":"publish","type":"product","link":"https:\/\/santanasolutions.com.br\/marketplace\/loja\/suprimentos\/3606\/","title":{"rendered":"Painel Eletr\u00f4nico de Senhas"},"content":{"rendered":"<div>\n<h1>Pain\u00e9is eletr\u00f4nicos<\/h1>\n<p>Os Paineis de senha controlam o fluxo de usu\u00e1rios aos locais de atendimento onde a concentra\u00e7\u00e3o de pessoas \u00e9 muito grande, minimizando o tempo de espera e proporcionando transpar\u00eancia na ordem de servir cada usu\u00e1rio.<\/p>\n<p>Destina-se a visualiza\u00e7\u00e3o de n\u00fameros de modo seq\u00fcencial para gerenciamento de filas e controle de senhas em ambientes de atendimento ao p\u00fablico.<\/p>\n<\/div>\n<div>\n<p><b>Modelo SF-W9<\/b><\/p>\n<p>Painel com 3 digitos em Displays de 4 polegadas<br \/>\nIndicador de Guich\u00ea\/Caixa com 2 digito em Display de 2 polegadas<br \/>\nAcompanha 6 controles sem fio (Expansivel at\u00e9 9)<br \/>\nFun\u00e7\u00e3o avan\u00e7o , recuo, chama , repete e zera<br \/>\nComunica\u00e7\u00e3o entre Controles e Painel via RF<br \/>\nAlimenta\u00e7\u00e3o do painel 110\/220V (Autom\u00e1tico)<\/p>\n<p>Altura 170mm x compr 320mm x esp 30mm<\/p>\n<\/div>\n","protected":false},"excerpt":{"rendered":"<div>\n<h1>Pain\u00e9is eletr\u00f4nicos<\/h1>\n<p>Os Paineis de senha controlam o fluxo de usu\u00e1rios aos locais de atendimento onde a concentra\u00e7\u00e3o de pessoas \u00e9 muito grande, minimizando o tempo de espera e proporcionando transpar\u00eancia na ordem de servir cada usu\u00e1rio.<\/p>\n<p>Destina-se a visualiza\u00e7\u00e3o de n\u00fameros de modo seq\u00fcencial para gerenciamento de filas e controle de senhas em ambientes de atendimento ao p\u00fablico.<\/p>\n<\/div>\n<div>\n<p><b>Modelo SF-W9<\/b><\/p>\n<p>Painel com 3 digitos em Displays de 4 polegadas<br \/>\nIndicador de Guich\u00ea\/Caixa com 2 digito em Display de 2 polegadas<br \/>\nAcompanha 6 controles sem fio (Expansivel at\u00e9 9)<br \/>\nFun\u00e7\u00e3o avan\u00e7o , recuo, chama , repete e zera<br \/>\nComunica\u00e7\u00e3o entre Controles e Painel via RF<br \/>\nAlimenta\u00e7\u00e3o do painel 110\/220V (Autom\u00e1tico)<\/p>\n<p>Altura 170mm x compr 320mm x esp 30mm<\/p>\n<\/div>\n","protected":false},"featured_media":3607,"comment_status":"open","ping_status":"closed","template":"","meta":[],"product_brand":[],"product_cat":[24],"product_tag":[],"class_list":{"0":"post-3606","1":"product","2":"type-product","3":"status-publish","4":"has-post-thumbnail","6":"product_cat-suprimentos","7":"product_shipping_class-turnomatic-102","8":"dc_vendor_shop-turnomatic","10":"first","11":"instock","12":"sale","13":"shipping-taxable","14":"purchasable","15":"product-type-simple"},"_links":{"self":[{"href":"https:\/\/santanasolutions.com.br\/marketplace\/wp-json\/wp\/v2\/product\/3606","targetHints":{"allow":["GET"]}}],"collection":[{"href":"https:\/\/santanasolutions.com.br\/marketplace\/wp-json\/wp\/v2\/product"}],"about":[{"href":"https:\/\/santanasolutions.com.br\/marketplace\/wp-json\/wp\/v2\/types\/product"}],"replies":[{"embeddable":true,"href":"https:\/\/santanasolutions.com.br\/marketplace\/wp-json\/wp\/v2\/comments?post=3606"}],"wp:featuredmedia":[{"embeddable":true,"href":"https:\/\/santanasolutions.com.br\/marketplace\/wp-json\/wp\/v2\/media\/3607"}],"wp:attachment":[{"href":"https:\/\/santanasolutions.com.br\/marketplace\/wp-json\/wp\/v2\/media?parent=3606"}],"wp:term":[{"taxonomy":"product_brand","embeddable":true,"href":"https:\/\/santanasolutions.com.br\/marketplace\/wp-json\/wp\/v2\/product_brand?post=3606"},{"taxonomy":"product_cat","embeddable":true,"href":"https:\/\/santanasolutions.com.br\/marketplace\/wp-json\/wp\/v2\/product_cat?post=3606"},{"taxonomy":"product_tag","embeddable":true,"href":"https:\/\/santanasolutions.com.br\/marketplace\/wp-json\/wp\/v2\/product_tag?post=3606"}],"curies":[{"name":"wp","href":"https:\/\/api.w.org\/{rel}","templated":true}]}}