{"id":4310,"date":"2021-11-25T14:17:16","date_gmt":"2021-11-25T17:17:16","guid":{"rendered":"https:\/\/santanasolutions.com.br\/marketplace\/?post_type=product&#038;p=4310"},"modified":"2021-11-25T14:34:43","modified_gmt":"2021-11-25T17:34:43","slug":"teclado-usb-my-max","status":"publish","type":"product","link":"https:\/\/santanasolutions.com.br\/marketplace\/loja\/geral\/teclado-usb-my-max\/","title":{"rendered":"Teclado USB My Max"},"content":{"rendered":"<p>Teclado Standard USB com ABNT II<\/p>\n<p>Caracter\u00edsticas<br \/>\nModelo: Standard USB<br \/>\nCor: Preto<br \/>\nBateria: N\u00e3o<br \/>\nTeclas: 104<br \/>\nTeclas Multim\u00eddias: N\u00e3o<br \/>\nTeclas Atalho: N\u00e3o<br \/>\nPadrao: ABNT II<br \/>\nConex\u00e3o: USB<br \/>\nComprimento do Cabo (m): 1.5<br \/>\nGarantia: 12 meses<\/p>\n<p>C\u00f3digo: Mya-008201<br \/>\nNCM: 84716052<\/p>\n","protected":false},"excerpt":{"rendered":"<p>Teclado Standard USB com ABNT II Caracter\u00edsticas Modelo: Standard USB Cor: Preto Bateria: N\u00e3o Teclas: 104 Teclas Multim\u00eddias: N\u00e3o Teclas Atalho: N\u00e3o Padrao: ABNT II Conex\u00e3o: USB Comprimento do Cabo (m): 1.5 Garantia: 12 meses C\u00f3digo: Mya-008201 NCM: 84716052<\/p>\n","protected":false},"featured_media":4311,"comment_status":"open","ping_status":"closed","template":"","meta":[],"product_brand":[],"product_cat":[15,25],"product_tag":[],"class_list":{"0":"post-4310","1":"product","2":"type-product","3":"status-publish","4":"has-post-thumbnail","6":"product_cat-geral","7":"product_cat-equipamentos","8":"product_shipping_class-ss","9":"dc_vendor_shop-vendas1","11":"first","12":"instock","13":"shipping-taxable","14":"purchasable","15":"product-type-simple"},"_links":{"self":[{"href":"https:\/\/santanasolutions.com.br\/marketplace\/wp-json\/wp\/v2\/product\/4310","targetHints":{"allow":["GET"]}}],"collection":[{"href":"https:\/\/santanasolutions.com.br\/marketplace\/wp-json\/wp\/v2\/product"}],"about":[{"href":"https:\/\/santanasolutions.com.br\/marketplace\/wp-json\/wp\/v2\/types\/product"}],"replies":[{"embeddable":true,"href":"https:\/\/santanasolutions.com.br\/marketplace\/wp-json\/wp\/v2\/comments?post=4310"}],"wp:featuredmedia":[{"embeddable":true,"href":"https:\/\/santanasolutions.com.br\/marketplace\/wp-json\/wp\/v2\/media\/4311"}],"wp:attachment":[{"href":"https:\/\/santanasolutions.com.br\/marketplace\/wp-json\/wp\/v2\/media?parent=4310"}],"wp:term":[{"taxonomy":"product_brand","embeddable":true,"href":"https:\/\/santanasolutions.com.br\/marketplace\/wp-json\/wp\/v2\/product_brand?post=4310"},{"taxonomy":"product_cat","embeddable":true,"href":"https:\/\/santanasolutions.com.br\/marketplace\/wp-json\/wp\/v2\/product_cat?post=4310"},{"taxonomy":"product_tag","embeddable":true,"href":"https:\/\/santanasolutions.com.br\/marketplace\/wp-json\/wp\/v2\/product_tag?post=4310"}],"curies":[{"name":"wp","href":"https:\/\/api.w.org\/{rel}","templated":true}]}}