{"id":4509,"date":"2022-08-24T13:19:33","date_gmt":"2022-08-24T16:19:33","guid":{"rendered":"https:\/\/santanasolutions.com.br\/marketplace\/?post_type=product&#038;p=4509"},"modified":"2026-03-17T14:15:52","modified_gmt":"2026-03-17T17:15:52","slug":"cartao-de-suporte-pre-pago-30-minutos","status":"publish","type":"product","link":"https:\/\/santanasolutions.com.br\/marketplace\/loja\/equipamentos\/servicos\/cartao-de-suporte-pre-pago-30-minutos\/","title":{"rendered":"Cart\u00e3o de Suporte Pr\u00e9-Pago 30 Minutos"},"content":{"rendered":"<p>Suporte a Rede SARA: Conex\u00e3o, VPN, Atualiza\u00e7\u00e3o de Sistema.<\/p>\n<p>Suporte a Rede Particular: Acesso ao Servidor, Internet, Configura\u00e7\u00f5es em Geral: Impressora, E-mails, Bancos, NFe, Atualiza\u00e7\u00e3o de Sistema.<\/p>\n<p><strong>Para visitas no local, custo de R$ 2,20\/km + ped\u00e1gios se houver.<\/strong><\/p>\n","protected":false},"excerpt":{"rendered":"<p>Suporte a Rede SARA: Conex\u00e3o, VPN, Atualiza\u00e7\u00e3o de Sistema. Suporte a Rede Particular: Acesso ao Servidor, Internet, Configura\u00e7\u00f5es em Geral: Impressora, E-mails, Bancos, NFe, Atualiza\u00e7\u00e3o de Sistema. Para visitas no local, custo de R$ 2,20\/km + ped\u00e1gios se houver.<\/p>\n","protected":false},"featured_media":3136,"comment_status":"open","ping_status":"closed","template":"","meta":[],"product_brand":[],"product_cat":[26],"product_tag":[],"class_list":{"0":"post-4509","1":"product","2":"type-product","3":"status-publish","4":"has-post-thumbnail","6":"product_cat-servicos","8":"first","9":"instock","10":"virtual","11":"purchasable","12":"product-type-simple"},"_links":{"self":[{"href":"https:\/\/santanasolutions.com.br\/marketplace\/wp-json\/wp\/v2\/product\/4509","targetHints":{"allow":["GET"]}}],"collection":[{"href":"https:\/\/santanasolutions.com.br\/marketplace\/wp-json\/wp\/v2\/product"}],"about":[{"href":"https:\/\/santanasolutions.com.br\/marketplace\/wp-json\/wp\/v2\/types\/product"}],"replies":[{"embeddable":true,"href":"https:\/\/santanasolutions.com.br\/marketplace\/wp-json\/wp\/v2\/comments?post=4509"}],"wp:featuredmedia":[{"embeddable":true,"href":"https:\/\/santanasolutions.com.br\/marketplace\/wp-json\/wp\/v2\/media\/3136"}],"wp:attachment":[{"href":"https:\/\/santanasolutions.com.br\/marketplace\/wp-json\/wp\/v2\/media?parent=4509"}],"wp:term":[{"taxonomy":"product_brand","embeddable":true,"href":"https:\/\/santanasolutions.com.br\/marketplace\/wp-json\/wp\/v2\/product_brand?post=4509"},{"taxonomy":"product_cat","embeddable":true,"href":"https:\/\/santanasolutions.com.br\/marketplace\/wp-json\/wp\/v2\/product_cat?post=4509"},{"taxonomy":"product_tag","embeddable":true,"href":"https:\/\/santanasolutions.com.br\/marketplace\/wp-json\/wp\/v2\/product_tag?post=4509"}],"curies":[{"name":"wp","href":"https:\/\/api.w.org\/{rel}","templated":true}]}}