{"id":4556,"date":"2022-10-31T15:08:28","date_gmt":"2022-10-31T18:08:28","guid":{"rendered":"https:\/\/santanasolutions.com.br\/marketplace\/?post_type=product&#038;p=4556"},"modified":"2026-03-18T13:29:11","modified_gmt":"2026-03-18T16:29:11","slug":"roteador-mikrotik-configuracao-de-vpn","status":"publish","type":"product","link":"https:\/\/santanasolutions.com.br\/marketplace\/loja\/equipamentos\/equipamentos-redes\/roteador-mikrotik-configuracao-de-vpn\/","title":{"rendered":"Roteador Mikrotik + Configura\u00e7\u00e3o de VPN"},"content":{"rendered":"<p>Classe de banda de frequ\u00eancia Single-Band<br \/>\nFrequ\u00eancia 880 MHz<br \/>\nComponentes inclu\u00eddos Roteador<br \/>\nTecnologia de conex\u00e3o Ethernet<\/p>\n<p>Com o access point da MikroTik voc\u00ea pode interconectar redes sem fio, conseguindo uma conex\u00e3o est\u00e1vel e segura entre a rede e o dispositivo de destino.<\/p>\n<p>Sinal cont\u00ednuo<br \/>\nCom o roteador MikroTik hEX lite voc\u00ea ser\u00e1 capaz de estabelecer redes poderosas para enviar e receber informa\u00e7\u00f5es em alta velocidade.<\/p>\n<p>&nbsp;<\/p>\n<p>Roteador R$ 1.000,00<\/p>\n<p>VPN R$ 800,00<\/p>\n","protected":false},"excerpt":{"rendered":"<p>Classe de banda de frequ\u00eancia Single-Band Frequ\u00eancia 880 MHz Componentes inclu\u00eddos Roteador Tecnologia de conex\u00e3o Ethernet Com o access point da MikroTik voc\u00ea pode interconectar redes sem fio, conseguindo uma conex\u00e3o est\u00e1vel e segura entre a rede e o dispositivo de destino. Sinal cont\u00ednuo Com o roteador MikroTik hEX lite voc\u00ea ser\u00e1 capaz de estabelecer [&hellip;]<\/p>\n","protected":false},"featured_media":4557,"comment_status":"open","ping_status":"closed","template":"","meta":[],"product_brand":[],"product_cat":[25,52],"product_tag":[],"class_list":{"0":"post-4556","1":"product","2":"type-product","3":"status-publish","4":"has-post-thumbnail","6":"product_cat-equipamentos","7":"product_cat-equipamentos-redes","8":"product_shipping_class-ss","9":"dc_vendor_shop-vendas1","11":"first","12":"instock","13":"featured","14":"shipping-taxable","15":"purchasable","16":"product-type-simple"},"_links":{"self":[{"href":"https:\/\/santanasolutions.com.br\/marketplace\/wp-json\/wp\/v2\/product\/4556","targetHints":{"allow":["GET"]}}],"collection":[{"href":"https:\/\/santanasolutions.com.br\/marketplace\/wp-json\/wp\/v2\/product"}],"about":[{"href":"https:\/\/santanasolutions.com.br\/marketplace\/wp-json\/wp\/v2\/types\/product"}],"replies":[{"embeddable":true,"href":"https:\/\/santanasolutions.com.br\/marketplace\/wp-json\/wp\/v2\/comments?post=4556"}],"wp:featuredmedia":[{"embeddable":true,"href":"https:\/\/santanasolutions.com.br\/marketplace\/wp-json\/wp\/v2\/media\/4557"}],"wp:attachment":[{"href":"https:\/\/santanasolutions.com.br\/marketplace\/wp-json\/wp\/v2\/media?parent=4556"}],"wp:term":[{"taxonomy":"product_brand","embeddable":true,"href":"https:\/\/santanasolutions.com.br\/marketplace\/wp-json\/wp\/v2\/product_brand?post=4556"},{"taxonomy":"product_cat","embeddable":true,"href":"https:\/\/santanasolutions.com.br\/marketplace\/wp-json\/wp\/v2\/product_cat?post=4556"},{"taxonomy":"product_tag","embeddable":true,"href":"https:\/\/santanasolutions.com.br\/marketplace\/wp-json\/wp\/v2\/product_tag?post=4556"}],"curies":[{"name":"wp","href":"https:\/\/api.w.org\/{rel}","templated":true}]}}