{"id":4697,"date":"2023-04-24T16:57:17","date_gmt":"2023-04-24T19:57:17","guid":{"rendered":"https:\/\/santanasolutions.com.br\/marketplace\/?post_type=product&#038;p=4697"},"modified":"2023-04-25T13:35:56","modified_gmt":"2023-04-25T16:35:56","slug":"adesivo-guiche-objetos-proibidos","status":"publish","type":"product","link":"https:\/\/santanasolutions.com.br\/marketplace\/loja\/comunicacao-visual\/adesivos\/adesivo-guiche-objetos-proibidos\/","title":{"rendered":"Adesivo Guich\u00ea &#8211; Objetos proibidos"},"content":{"rendered":"<p>Proibi\u00e7\u00f5es e Restri\u00e7\u00f5es de Postagens &#8211; Adesivo<\/p>\n<p>Adesivco de acordo com Of\u00edcio Circular N\u00ba 37733148\/2023 &#8211; GGAT-DERAT<\/p>\n","protected":false},"excerpt":{"rendered":"<p>Proibi\u00e7\u00f5es e Restri\u00e7\u00f5es de Postagens &#8211; Adesivo Adesivco de acordo com Of\u00edcio Circular N\u00ba 37733148\/2023 &#8211; GGAT-DERAT<\/p>\n","protected":false},"featured_media":4698,"comment_status":"open","ping_status":"closed","template":"","meta":[],"product_brand":[],"product_cat":[134,54],"product_tag":[370],"class_list":{"0":"post-4697","1":"product","2":"type-product","3":"status-publish","4":"has-post-thumbnail","6":"product_cat-comunicacao-visual","7":"product_cat-adesivos","8":"product_tag-sappp","9":"product_shipping_class-ss","10":"dc_vendor_shop-vendas1","12":"first","13":"instock","14":"shipping-taxable","15":"purchasable","16":"product-type-simple"},"_links":{"self":[{"href":"https:\/\/santanasolutions.com.br\/marketplace\/wp-json\/wp\/v2\/product\/4697","targetHints":{"allow":["GET"]}}],"collection":[{"href":"https:\/\/santanasolutions.com.br\/marketplace\/wp-json\/wp\/v2\/product"}],"about":[{"href":"https:\/\/santanasolutions.com.br\/marketplace\/wp-json\/wp\/v2\/types\/product"}],"replies":[{"embeddable":true,"href":"https:\/\/santanasolutions.com.br\/marketplace\/wp-json\/wp\/v2\/comments?post=4697"}],"wp:featuredmedia":[{"embeddable":true,"href":"https:\/\/santanasolutions.com.br\/marketplace\/wp-json\/wp\/v2\/media\/4698"}],"wp:attachment":[{"href":"https:\/\/santanasolutions.com.br\/marketplace\/wp-json\/wp\/v2\/media?parent=4697"}],"wp:term":[{"taxonomy":"product_brand","embeddable":true,"href":"https:\/\/santanasolutions.com.br\/marketplace\/wp-json\/wp\/v2\/product_brand?post=4697"},{"taxonomy":"product_cat","embeddable":true,"href":"https:\/\/santanasolutions.com.br\/marketplace\/wp-json\/wp\/v2\/product_cat?post=4697"},{"taxonomy":"product_tag","embeddable":true,"href":"https:\/\/santanasolutions.com.br\/marketplace\/wp-json\/wp\/v2\/product_tag?post=4697"}],"curies":[{"name":"wp","href":"https:\/\/api.w.org\/{rel}","templated":true}]}}