{"id":4776,"date":"2023-06-27T13:31:31","date_gmt":"2023-06-27T16:31:31","guid":{"rendered":"https:\/\/santanasolutions.com.br\/marketplace\/?post_type=product&#038;p=4776"},"modified":"2024-05-02T16:26:59","modified_gmt":"2024-05-02T19:26:59","slug":"capa-para-identificacao-de-longarina-kit-com-6-unidades","status":"publish","type":"product","link":"https:\/\/santanasolutions.com.br\/marketplace\/loja\/geral\/capa-para-identificacao-de-longarina-kit-com-6-unidades\/","title":{"rendered":"CAPA PARA IDENTIFICA\u00c7\u00c3O DE LONGARINA- kit com 6 unidades"},"content":{"rendered":"","protected":false},"excerpt":{"rendered":"<p><strong>KIT COM 06 UNIDADES:<\/strong> CAPA PARA IDENTIFICA\u00c7\u00c3O DE LONGARINA COM A INCLUS\u00c3O DO ESPECTRO DO AUTISMO, produzidas em pe\u00e7a \u00fanica em COURVIN -1,00 mm, na cor azul, com a tonalidade azul com revestimento interno; El\u00e1sticos duplos nas laterais com 5 cm x 5 cm (L x C), aproximadamente, costuradas ligando a frente ao verso; Impress\u00e3o em ambos os lados, em silk, na cor amarelo PANTONE 7549 \u2013<strong> PRAZO DE PRODU\u00c7\u00c3O ATE 25 DIAS<\/strong><\/p>\n","protected":false},"featured_media":4965,"comment_status":"open","ping_status":"closed","template":"","meta":[],"product_brand":[],"product_cat":[15,134],"product_tag":[],"class_list":{"0":"post-4776","1":"product","2":"type-product","3":"status-publish","4":"has-post-thumbnail","6":"product_cat-geral","7":"product_cat-comunicacao-visual","8":"product_shipping_class-raquel-61","9":"dc_vendor_shop-raquel","11":"first","12":"instock","13":"shipping-taxable","14":"purchasable","15":"product-type-simple"},"_links":{"self":[{"href":"https:\/\/santanasolutions.com.br\/marketplace\/wp-json\/wp\/v2\/product\/4776","targetHints":{"allow":["GET"]}}],"collection":[{"href":"https:\/\/santanasolutions.com.br\/marketplace\/wp-json\/wp\/v2\/product"}],"about":[{"href":"https:\/\/santanasolutions.com.br\/marketplace\/wp-json\/wp\/v2\/types\/product"}],"replies":[{"embeddable":true,"href":"https:\/\/santanasolutions.com.br\/marketplace\/wp-json\/wp\/v2\/comments?post=4776"}],"wp:featuredmedia":[{"embeddable":true,"href":"https:\/\/santanasolutions.com.br\/marketplace\/wp-json\/wp\/v2\/media\/4965"}],"wp:attachment":[{"href":"https:\/\/santanasolutions.com.br\/marketplace\/wp-json\/wp\/v2\/media?parent=4776"}],"wp:term":[{"taxonomy":"product_brand","embeddable":true,"href":"https:\/\/santanasolutions.com.br\/marketplace\/wp-json\/wp\/v2\/product_brand?post=4776"},{"taxonomy":"product_cat","embeddable":true,"href":"https:\/\/santanasolutions.com.br\/marketplace\/wp-json\/wp\/v2\/product_cat?post=4776"},{"taxonomy":"product_tag","embeddable":true,"href":"https:\/\/santanasolutions.com.br\/marketplace\/wp-json\/wp\/v2\/product_tag?post=4776"}],"curies":[{"name":"wp","href":"https:\/\/api.w.org\/{rel}","templated":true}]}}