{"id":5499,"date":"2024-02-28T18:41:00","date_gmt":"2024-02-28T21:41:00","guid":{"rendered":"https:\/\/santanasolutions.com.br\/marketplace\/?post_type=product&#038;p=5499"},"modified":"2025-10-14T10:07:22","modified_gmt":"2025-10-14T13:07:22","slug":"guia-brb-da-stock-car-1979-2021-3o-lote-2","status":"publish","type":"product","link":"https:\/\/santanasolutions.com.br\/marketplace\/loja\/geral\/guia-brb-da-stock-car-1979-2021-3o-lote-2\/","title":{"rendered":"GUIA BRB DA STOCK CAR -1979-2021 (3\u00ba Lote)"},"content":{"rendered":"<h4 class=\"title-heading-left fusion-responsive-typography-calculated\"><strong>A hist\u00f3ria da Stock Car contada em fatos, fotos e n\u00fameros<\/strong><\/h4>\n<p><span data-fusion-font=\"true\">No Guia BRB da Stock Car voc\u00ea vai conhecer a rica hist\u00f3ria da maior categoria do automobilismo brasileiro e suas 43 temporadas. Todas as corridas, fichas completas de todas as corridas, pilotos. A principal fonte de consulta sobre a rica hist\u00f3ria da maior categoria do automobilismo brasileiro volta a ser publicada em formato de livro e voc\u00ea pode adquirir o seu.<\/span><\/p>\n<p><span data-fusion-font=\"true\">Edi\u00e7\u00e3o limitada.<\/span><\/p>\n<p><strong><em>EDI\u00c7\u00c3O 2022\u00a0<\/em><\/strong><\/p>\n","protected":false},"excerpt":{"rendered":"<p>A hist\u00f3ria da Stock Car contada em fatos, fotos e n\u00fameros No Guia BRB da Stock Car voc\u00ea vai conhecer a rica hist\u00f3ria da maior categoria do automobilismo brasileiro e suas 43 temporadas. Todas as corridas, fichas completas de todas as corridas, pilotos. A principal fonte de consulta sobre a rica hist\u00f3ria da maior categoria [&hellip;]<\/p>\n","protected":false},"featured_media":4594,"comment_status":"open","ping_status":"closed","template":"","meta":[],"product_brand":[],"product_cat":[15],"product_tag":[],"class_list":{"0":"post-5499","1":"product","2":"type-product","3":"status-publish","4":"has-post-thumbnail","6":"product_cat-geral","7":"product_shipping_class-ss","9":"first","10":"instock","11":"sale","12":"featured","13":"shipping-taxable","14":"purchasable","15":"product-type-simple"},"_links":{"self":[{"href":"https:\/\/santanasolutions.com.br\/marketplace\/wp-json\/wp\/v2\/product\/5499","targetHints":{"allow":["GET"]}}],"collection":[{"href":"https:\/\/santanasolutions.com.br\/marketplace\/wp-json\/wp\/v2\/product"}],"about":[{"href":"https:\/\/santanasolutions.com.br\/marketplace\/wp-json\/wp\/v2\/types\/product"}],"replies":[{"embeddable":true,"href":"https:\/\/santanasolutions.com.br\/marketplace\/wp-json\/wp\/v2\/comments?post=5499"}],"wp:featuredmedia":[{"embeddable":true,"href":"https:\/\/santanasolutions.com.br\/marketplace\/wp-json\/wp\/v2\/media\/4594"}],"wp:attachment":[{"href":"https:\/\/santanasolutions.com.br\/marketplace\/wp-json\/wp\/v2\/media?parent=5499"}],"wp:term":[{"taxonomy":"product_brand","embeddable":true,"href":"https:\/\/santanasolutions.com.br\/marketplace\/wp-json\/wp\/v2\/product_brand?post=5499"},{"taxonomy":"product_cat","embeddable":true,"href":"https:\/\/santanasolutions.com.br\/marketplace\/wp-json\/wp\/v2\/product_cat?post=5499"},{"taxonomy":"product_tag","embeddable":true,"href":"https:\/\/santanasolutions.com.br\/marketplace\/wp-json\/wp\/v2\/product_tag?post=5499"}],"curies":[{"name":"wp","href":"https:\/\/api.w.org\/{rel}","templated":true}]}}