{"id":5858,"date":"2024-09-13T14:02:10","date_gmt":"2024-09-13T17:02:10","guid":{"rendered":"https:\/\/santanasolutions.com.br\/marketplace\/?post_type=product&#038;p=5858"},"modified":"2024-09-23T13:51:11","modified_gmt":"2024-09-23T16:51:11","slug":"adesivo-bombeiro-extintor","status":"publish","type":"product","link":"https:\/\/santanasolutions.com.br\/marketplace\/loja\/acessibilidade\/adesivo-bombeiro-extintor\/","title":{"rendered":"Adesivo Bombeiro &#8211; Extintor"},"content":{"rendered":"<p>&nbsp;<\/p>\n<p>Medida: 1,00 x 1,00 metros<\/p>\n<p>&nbsp;<\/p>\n<p>&nbsp;<\/p>\n","protected":false},"excerpt":{"rendered":"<p>Os adesivos de 1,20 x 0,80 m s\u00e3o instalados sobre o piso existente, utilizado como sinaliza\u00e7\u00e3o de vagas destinadas ao cadeirante, indicados em locais como: hospitais, escolas, universidades, teatros, cinemas, bancos, correios, cl\u00ednicas, e demais ambientes p\u00fablico ou privado.<\/p>\n","protected":false},"featured_media":5859,"comment_status":"open","ping_status":"closed","template":"","meta":[],"product_brand":[],"product_cat":[69],"product_tag":[],"class_list":{"0":"post-5858","1":"product","2":"type-product","3":"status-publish","4":"has-post-thumbnail","6":"product_cat-acessibilidade","7":"product_shipping_class-ss","8":"dc_vendor_shop-vendas1","10":"first","11":"onbackorder","12":"shipping-taxable","13":"product-type-simple"},"_links":{"self":[{"href":"https:\/\/santanasolutions.com.br\/marketplace\/wp-json\/wp\/v2\/product\/5858","targetHints":{"allow":["GET"]}}],"collection":[{"href":"https:\/\/santanasolutions.com.br\/marketplace\/wp-json\/wp\/v2\/product"}],"about":[{"href":"https:\/\/santanasolutions.com.br\/marketplace\/wp-json\/wp\/v2\/types\/product"}],"replies":[{"embeddable":true,"href":"https:\/\/santanasolutions.com.br\/marketplace\/wp-json\/wp\/v2\/comments?post=5858"}],"wp:featuredmedia":[{"embeddable":true,"href":"https:\/\/santanasolutions.com.br\/marketplace\/wp-json\/wp\/v2\/media\/5859"}],"wp:attachment":[{"href":"https:\/\/santanasolutions.com.br\/marketplace\/wp-json\/wp\/v2\/media?parent=5858"}],"wp:term":[{"taxonomy":"product_brand","embeddable":true,"href":"https:\/\/santanasolutions.com.br\/marketplace\/wp-json\/wp\/v2\/product_brand?post=5858"},{"taxonomy":"product_cat","embeddable":true,"href":"https:\/\/santanasolutions.com.br\/marketplace\/wp-json\/wp\/v2\/product_cat?post=5858"},{"taxonomy":"product_tag","embeddable":true,"href":"https:\/\/santanasolutions.com.br\/marketplace\/wp-json\/wp\/v2\/product_tag?post=5858"}],"curies":[{"name":"wp","href":"https:\/\/api.w.org\/{rel}","templated":true}]}}